{"id":3155,"date":"2024-04-30T19:27:47","date_gmt":"2024-04-30T16:27:47","guid":{"rendered":"https:\/\/mundocanyon.com\/?page_id=3155"},"modified":"2025-06-10T21:57:27","modified_gmt":"2025-06-10T18:57:27","slug":"barranco-de-perles","status":"publish","type":"page","link":"https:\/\/mundocanyon.com\/eng\/barranquismo-pirineos\/iniciacion\/barranco-de-perles\/","title":{"rendered":"San Poncio or Perles Canyon: F\u00edgols and Aliny\u00e0"},"content":{"rendered":"<p><\/p>\n<h1><span style=\"font-weight: 400;\">San Poncio or Perles Canyon: F\u00edgols and Aliny\u00e0<\/span><\/h1>\n<p><span style=\"font-weight: 400;\">To descend the San Poncio or Perles canyon in F\u00edgols and Aliny\u00e0, get in touch with us \u2014 it might be the best beginner-friendly canyon in the Alt Urgell region, also very close to the municipality of Coll de Narg\u00f3.<\/span><\/p>\n<p><span style=\"font-weight: 400;\">If you&#8217;re looking to go canyoning near Organy\u00e0 or Coll de Narg\u00f3, Perles Canyon is right next door. It&#8217;s a well-formed limestone canyon, short, easy, and fun \u2014 with a great reward at the end.<\/span><\/p>\n<p><span style=\"font-weight: 400;\">The Perles Canyon, which belongs to the municipality of F\u00edgols and Aliny\u00e0, begins just beneath a bridge that leads into a tunnel. The surroundings are impressive, surrounded by high rock walls popular for climbing.<\/span><\/p>\n<p><span style=\"font-weight: 400;\">To start, you only need to walk 5 minutes to get below the bridge. You can leave your car at a small pull-off area on the road just before reaching the bridge or entering the tunnel toward Aliny\u00e0.<\/span><\/p>\n<p><span style=\"font-weight: 400;\">The first section of the canyon is a beautiful 3-meter slide into a pool, which can also be jumped into or rappelled, depending on preference. The pool is deep but narrow.<\/span><\/p>\n<p><span style=\"font-weight: 400;\">From there, you continue by scrambling and doing small rappels of around 2 to 4 meters until you reach the highlight of the canyon \u2014 at least in my opinion \u2014 a fully vertical 17-meter rappel directly into the Perles River.<\/span><\/p>\n<h5><img loading=\"lazy\" decoding=\"async\" class=\"alignnone wp-image-1058\" src=\"https:\/\/mundocanyon.com\/wp-content\/uploads\/2022\/03\/uroven1-1.png\" alt=\"\" width=\"35\" height=\"27\" \/><strong> Difficulty Level<\/strong><\/h5>\n<p><span style=\"font-weight: 400;\">Beginner.<\/span><\/p>\n<h5><b><img loading=\"lazy\" decoding=\"async\" class=\"alignnone wp-image-1045\" src=\"https:\/\/mundocanyon.com\/wp-content\/uploads\/2022\/03\/ficha-tecnica1.png\" alt=\"\" width=\"35\" height=\"35\" \/><\/b><strong>Technical Info<\/strong><\/h5>\n<ul>\n<li style=\"font-weight: 400;\" aria-level=\"1\"><b>Approach:<\/b><span style=\"font-weight: 400;\"> 30 min<\/span><\/li>\n<li style=\"font-weight: 400;\" aria-level=\"1\"><b>Descent:<\/b><span style=\"font-weight: 400;\"> 2 hours<\/span><\/li>\n<li style=\"font-weight: 400;\" aria-level=\"1\"><b>Return:<\/b><span style=\"font-weight: 400;\"> 10 min<\/span><\/li>\n<\/ul>\n<p><span style=\"font-weight: 400;\">Times are approximate and depend on group size and skill level. Add time for the briefing, gearing up and changing \u2014 the full activity takes about <\/span><b>4 hours<\/b><span style=\"font-weight: 400;\">.<\/span><\/p>\n<h5><b><img loading=\"lazy\" decoding=\"async\" class=\"alignnone wp-image-1048\" src=\"https:\/\/mundocanyon.com\/wp-content\/uploads\/2022\/03\/galochka1.png\" alt=\"\" width=\"35\" height=\"35\" \/><\/b><strong>Included<\/strong><\/h5>\n<ul>\n<li style=\"font-weight: 400;\" aria-level=\"1\"><span style=\"font-weight: 400;\">Certified canyoning guide<\/span><\/li>\n<li style=\"font-weight: 400;\" aria-level=\"1\"><span style=\"font-weight: 400;\">Equipment: wetsuit, harness, helmet, booties<\/span><\/li>\n<li style=\"font-weight: 400;\" aria-level=\"1\"><span style=\"font-weight: 400;\">Civil liability and accident insurance<\/span><\/li>\n<\/ul>\n<p><b>Required:<\/b><span style=\"font-weight: 400;\"> Sports shoes or trekking boots, swimsuit, towel. It\u2019s recommended to bring spare clothes in the car.<\/span><\/p>\n<h5><b><img loading=\"lazy\" decoding=\"async\" class=\"alignnone wp-image-1049\" src=\"https:\/\/mundocanyon.com\/wp-content\/uploads\/2022\/03\/evro1.png\" alt=\"\" width=\"35\" height=\"35\" \/><\/b><strong>Prices<\/strong><\/h5>\n<ul>\n<li style=\"font-weight: 400;\" aria-level=\"1\"><span style=\"font-weight: 400;\">Groups up to 8 people: \u20ac45 per person<\/span><\/li>\n<li style=\"font-weight: 400;\" aria-level=\"1\"><span style=\"font-weight: 400;\">Groups of more than 8 people: \u20ac40 per person<\/span><\/li>\n<\/ul>\n<h5><img loading=\"lazy\" decoding=\"async\" class=\"alignnone wp-image-1057\" src=\"https:\/\/mundocanyon.com\/wp-content\/uploads\/2022\/03\/lokacziya_50-1.png\" alt=\"\" width=\"26\" height=\"35\" \/><b>Location:<\/b><\/h5>\n<p><span style=\"font-weight: 400;\">\u00a0Click <\/span><a href=\"https:\/\/www.google.com\/maps\/place\/25794+Perles,+%D0%9B%D0%B5%D0%B9%D0%B4%D0%B0\/@42.1634117,1.3137746,13.5z\/data=!4m9!1m2!2m1!1sparranco+perles!3m5!1s0x12a5c310738dbf8b:0x9f9fd37b1e2b227c!8m2!3d42.1779216!4d1.3938872!15sCg9wYXJyYW5jbyBwZXJsZXOSAQhsb2NhbGl0eQ\"><span style=\"font-weight: 400;\">here<\/span><\/a><span style=\"font-weight: 400;\"> to see the location.<\/span><\/p>","protected":false},"excerpt":{"rendered":"<p>San Poncio or Perles Canyon: F\u00edgols and Aliny\u00e0 To descend the San Poncio or Perles canyon in F\u00edgols and Aliny\u00e0, get in touch with us \u2014 it might be the best beginner-friendly canyon in the Alt Urgell region, also very close to the municipality of Coll de Narg\u00f3. If you&#8217;re looking to go canyoning near [&hellip;]<\/p>\n","protected":false},"author":1,"featured_media":1930,"parent":318,"menu_order":0,"comment_status":"closed","ping_status":"closed","template":"","meta":{"footnotes":""},"class_list":["post-3155","page","type-page","status-publish","has-post-thumbnail","hentry"],"_links":{"self":[{"href":"https:\/\/mundocanyon.com\/eng\/wp-json\/wp\/v2\/pages\/3155","targetHints":{"allow":["GET"]}}],"collection":[{"href":"https:\/\/mundocanyon.com\/eng\/wp-json\/wp\/v2\/pages"}],"about":[{"href":"https:\/\/mundocanyon.com\/eng\/wp-json\/wp\/v2\/types\/page"}],"author":[{"embeddable":true,"href":"https:\/\/mundocanyon.com\/eng\/wp-json\/wp\/v2\/users\/1"}],"replies":[{"embeddable":true,"href":"https:\/\/mundocanyon.com\/eng\/wp-json\/wp\/v2\/comments?post=3155"}],"version-history":[{"count":3,"href":"https:\/\/mundocanyon.com\/eng\/wp-json\/wp\/v2\/pages\/3155\/revisions"}],"predecessor-version":[{"id":3852,"href":"https:\/\/mundocanyon.com\/eng\/wp-json\/wp\/v2\/pages\/3155\/revisions\/3852"}],"up":[{"embeddable":true,"href":"https:\/\/mundocanyon.com\/eng\/wp-json\/wp\/v2\/pages\/318"}],"wp:featuredmedia":[{"embeddable":true,"href":"https:\/\/mundocanyon.com\/eng\/wp-json\/wp\/v2\/media\/1930"}],"wp:attachment":[{"href":"https:\/\/mundocanyon.com\/eng\/wp-json\/wp\/v2\/media?parent=3155"}],"curies":[{"name":"wp","href":"https:\/\/api.w.org\/{rel}","templated":true}]}}