{"id":662,"date":"2022-01-29T19:23:13","date_gmt":"2022-01-29T16:23:13","guid":{"rendered":"https:\/\/mundocanyon.com\/?page_id=662"},"modified":"2022-04-01T21:30:34","modified_gmt":"2022-04-01T18:30:34","slug":"pruebas-de-acceso","status":"publish","type":"page","link":"https:\/\/mundocanyon.com\/cat\/cursos-de-formacion\/barranquismo\/pruebas-de-acceso\/","title":{"rendered":"Proves d\u00b4acc\u00e9s"},"content":{"rendered":"<p><span style=\"font-weight: 400;\"><img loading=\"lazy\" decoding=\"async\" class=\"alignnone wp-image-1188\" src=\"https:\/\/mundocanyon.com\/wp-content\/uploads\/2022\/03\/barranco_50.png\" alt=\"\" width=\"30\" height=\"35\" \/>\u00a0 \u00a0<\/span>Si ets aficionat, practiques barranquisme desde fa temps i t\u2019agradaria convertir-te en un guia expert, podem ajudar-te a la preparaci\u00f3 de les proves d\u2019acc\u00e9s. En les proves d\u2019acc\u00e9s haur\u00e0s de superar maniobres f\u00edsiques i t\u00e8cniques. En el nostre curs de formaci\u00f3 repasarem i estudiarem cada una d\u2019elles.<\/p>\n<p><span style=\"font-weight: 400;\"><img loading=\"lazy\" decoding=\"async\" class=\"alignnone wp-image-1183\" src=\"https:\/\/mundocanyon.com\/wp-content\/uploads\/2022\/03\/reloj_50-1.png\" alt=\"\" width=\"35\" height=\"35\" \/>\u00a0 <\/span>El temps de duraci\u00f3 dependr\u00e0 de la capacitat d\u2019assolir els conceptes a estudiar.<\/p>\n<p><img loading=\"lazy\" decoding=\"async\" class=\"alignnone wp-image-1049\" src=\"https:\/\/mundocanyon.com\/wp-content\/uploads\/2022\/03\/evro1.png\" alt=\"\" width=\"35\" height=\"35\" \/>\u00a0 Preu: Consultar.<\/p>\n<p><img loading=\"lazy\" decoding=\"async\" class=\"alignnone wp-image-1162\" src=\"https:\/\/mundocanyon.com\/wp-content\/uploads\/2022\/03\/tlf-212x215.png\" alt=\"\" width=\"35\" height=\"35\" srcset=\"https:\/\/mundocanyon.com\/wp-content\/uploads\/2022\/03\/tlf-212x215.png 212w, https:\/\/mundocanyon.com\/wp-content\/uploads\/2022\/03\/tlf-1012x1024.png 1012w, https:\/\/mundocanyon.com\/wp-content\/uploads\/2022\/03\/tlf-150x150.png 150w, https:\/\/mundocanyon.com\/wp-content\/uploads\/2022\/03\/tlf-768x777.png 768w, https:\/\/mundocanyon.com\/wp-content\/uploads\/2022\/03\/tlf-1518x1536.png 1518w, https:\/\/mundocanyon.com\/wp-content\/uploads\/2022\/03\/tlf-2024x2048.png 2024w\" sizes=\"auto, (max-width: 35px) 100vw, 35px\" \/>\u00a0 Existeix la possibilitat de fer una formaci\u00f3 espec\u00edfica de les maniobres que desitjeu refor\u00e7ar. Posa\u2019t en contacte amb nosaltres per l\u2019organitzaci\u00f3 d\u2019una programaci\u00f3 adequada.<\/p>\n<h5><span style=\"font-weight: 400;\"><img loading=\"lazy\" decoding=\"async\" class=\"alignnone size-full wp-image-750\" src=\"https:\/\/mundocanyon.com\/wp-content\/uploads\/2022\/02\/whatsap35.png\" alt=\"\" width=\"35\" height=\"35\" \/> \u00a0<strong>671096436<\/strong><\/span><\/h5>\n<p><\/p>","protected":false},"excerpt":{"rendered":"<p>\u00a0 \u00a0Si ets aficionat, practiques barranquisme desde fa temps i t\u2019agradaria convertir-te en un guia expert, podem ajudar-te a la preparaci\u00f3 de les proves d\u2019acc\u00e9s. En les proves d\u2019acc\u00e9s haur\u00e0s de superar maniobres f\u00edsiques i t\u00e8cniques. En el nostre curs de formaci\u00f3 repasarem i estudiarem cada una d\u2019elles. \u00a0 El temps de duraci\u00f3 dependr\u00e0 de [&hellip;]<\/p>\n","protected":false},"author":1,"featured_media":0,"parent":1232,"menu_order":3,"comment_status":"closed","ping_status":"closed","template":"","meta":{"footnotes":""},"class_list":["post-662","page","type-page","status-publish","hentry"],"_links":{"self":[{"href":"https:\/\/mundocanyon.com\/cat\/wp-json\/wp\/v2\/pages\/662","targetHints":{"allow":["GET"]}}],"collection":[{"href":"https:\/\/mundocanyon.com\/cat\/wp-json\/wp\/v2\/pages"}],"about":[{"href":"https:\/\/mundocanyon.com\/cat\/wp-json\/wp\/v2\/types\/page"}],"author":[{"embeddable":true,"href":"https:\/\/mundocanyon.com\/cat\/wp-json\/wp\/v2\/users\/1"}],"replies":[{"embeddable":true,"href":"https:\/\/mundocanyon.com\/cat\/wp-json\/wp\/v2\/comments?post=662"}],"version-history":[{"count":2,"href":"https:\/\/mundocanyon.com\/cat\/wp-json\/wp\/v2\/pages\/662\/revisions"}],"predecessor-version":[{"id":1373,"href":"https:\/\/mundocanyon.com\/cat\/wp-json\/wp\/v2\/pages\/662\/revisions\/1373"}],"up":[{"embeddable":true,"href":"https:\/\/mundocanyon.com\/cat\/wp-json\/wp\/v2\/pages\/1232"}],"wp:attachment":[{"href":"https:\/\/mundocanyon.com\/cat\/wp-json\/wp\/v2\/media?parent=662"}],"curies":[{"name":"wp","href":"https:\/\/api.w.org\/{rel}","templated":true}]}}