{"id":657,"date":"2022-01-29T19:21:16","date_gmt":"2022-01-29T16:21:16","guid":{"rendered":"https:\/\/mundocanyon.com\/?page_id=657"},"modified":"2023-04-03T00:29:15","modified_gmt":"2023-04-02T21:29:15","slug":"iniciacion","status":"publish","type":"page","link":"https:\/\/mundocanyon.com\/cat\/cursos-de-formacion\/barranquismo\/iniciacion\/","title":{"rendered":"Iniciaci\u00f3"},"content":{"rendered":"<p>En el curs d\u2019iniciaci\u00f3 ens endinsarem en el m\u00f3n del barranquisme. Coneixerem tots els materials necessaris i el seu \u00fas.<\/p>\n<p>Es realitzar\u00e0 el descens a un barranc estudiant tots els aspectes necessaris.<\/p>\n<h5><img loading=\"lazy\" decoding=\"async\" class=\"alignnone wp-image-1059\" src=\"https:\/\/mundocanyon.com\/wp-content\/uploads\/2022\/03\/galochka1-1.png\" alt=\"\" width=\"35\" height=\"35\" \/>Inclou<\/h5>\n<ul>\n<li>Guia titulat<\/li>\n<li>Material (neopr\u00e8, escarpins, arn\u00e8s, casc, mosquetons, cordes, etc)<\/li>\n<li>Asseguran\u00e7a de responsabilitat civil<\/li>\n<\/ul>\n<h5><img loading=\"lazy\" decoding=\"async\" class=\"alignnone wp-image-1183\" src=\"https:\/\/mundocanyon.com\/wp-content\/uploads\/2022\/03\/reloj_50-1.png\" alt=\"\" width=\"35\" height=\"35\" \/> Duraci\u00f3<\/h5>\n<p><span style=\"font-weight: 400;\">1 dia.<\/span><\/p>\n<h6>Qu\u00e8 oferim?<\/h6>\n<h3><span style=\"font-weight: 400;\"><img loading=\"lazy\" decoding=\"async\" class=\"alignnone wp-image-1315 \" src=\"https:\/\/mundocanyon.com\/wp-content\/uploads\/2022\/04\/1111-1024x451.jpg\" alt=\"\" width=\"568\" height=\"250\" srcset=\"https:\/\/mundocanyon.com\/wp-content\/uploads\/2022\/04\/1111-1024x451.jpg 1024w, https:\/\/mundocanyon.com\/wp-content\/uploads\/2022\/04\/1111-388x171.jpg 388w, https:\/\/mundocanyon.com\/wp-content\/uploads\/2022\/04\/1111-768x338.jpg 768w, https:\/\/mundocanyon.com\/wp-content\/uploads\/2022\/04\/1111-1536x676.jpg 1536w, https:\/\/mundocanyon.com\/wp-content\/uploads\/2022\/04\/1111-2048x902.jpg 2048w\" sizes=\"auto, (max-width: 568px) 100vw, 568px\" \/>\u00a0<\/span><\/h3>\n<h5><img loading=\"lazy\" decoding=\"async\" class=\"alignnone wp-image-1049\" src=\"https:\/\/mundocanyon.com\/wp-content\/uploads\/2022\/03\/evro1.png\" alt=\"\" width=\"35\" height=\"35\" \/> Preu<\/h5>\n<p><span style=\"font-weight: 400;\">Consultar.<\/span><\/p>\n<h5><span style=\"font-weight: 400;\"><img loading=\"lazy\" decoding=\"async\" class=\"alignnone size-full wp-image-750\" src=\"https:\/\/mundocanyon.com\/wp-content\/uploads\/2022\/02\/whatsap35.png\" alt=\"\" width=\"35\" height=\"35\" \/> <strong>671096436<\/strong><\/span><\/h5>\n<p><\/p>","protected":false},"excerpt":{"rendered":"<p>En el curs d\u2019iniciaci\u00f3 ens endinsarem en el m\u00f3n del barranquisme. Coneixerem tots els materials necessaris i el seu \u00fas. Es realitzar\u00e0 el descens a un barranc estudiant tots els aspectes necessaris. Inclou Guia titulat Material (neopr\u00e8, escarpins, arn\u00e8s, casc, mosquetons, cordes, etc) Asseguran\u00e7a de responsabilitat civil Duraci\u00f3 1 dia. Qu\u00e8 oferim? \u00a0 Preu Consultar. [&hellip;]<\/p>\n","protected":false},"author":1,"featured_media":0,"parent":1232,"menu_order":1,"comment_status":"closed","ping_status":"closed","template":"","meta":{"footnotes":""},"class_list":["post-657","page","type-page","status-publish","hentry"],"_links":{"self":[{"href":"https:\/\/mundocanyon.com\/cat\/wp-json\/wp\/v2\/pages\/657","targetHints":{"allow":["GET"]}}],"collection":[{"href":"https:\/\/mundocanyon.com\/cat\/wp-json\/wp\/v2\/pages"}],"about":[{"href":"https:\/\/mundocanyon.com\/cat\/wp-json\/wp\/v2\/types\/page"}],"author":[{"embeddable":true,"href":"https:\/\/mundocanyon.com\/cat\/wp-json\/wp\/v2\/users\/1"}],"replies":[{"embeddable":true,"href":"https:\/\/mundocanyon.com\/cat\/wp-json\/wp\/v2\/comments?post=657"}],"version-history":[{"count":5,"href":"https:\/\/mundocanyon.com\/cat\/wp-json\/wp\/v2\/pages\/657\/revisions"}],"predecessor-version":[{"id":2622,"href":"https:\/\/mundocanyon.com\/cat\/wp-json\/wp\/v2\/pages\/657\/revisions\/2622"}],"up":[{"embeddable":true,"href":"https:\/\/mundocanyon.com\/cat\/wp-json\/wp\/v2\/pages\/1232"}],"wp:attachment":[{"href":"https:\/\/mundocanyon.com\/cat\/wp-json\/wp\/v2\/media?parent=657"}],"curies":[{"name":"wp","href":"https:\/\/api.w.org\/{rel}","templated":true}]}}