{"id":447,"date":"2022-01-11T20:10:03","date_gmt":"2022-01-11T17:10:03","guid":{"rendered":"https:\/\/mundocanyon.com\/?page_id=447"},"modified":"2025-06-11T22:32:57","modified_gmt":"2025-06-11T19:32:57","slug":"pueblo-abandonado-de-espluga-de-cuberes","status":"publish","type":"page","link":"https:\/\/mundocanyon.com\/cat\/senderismo-pirineos\/pueblo-abandonado-de-espluga-de-cuberes\/","title":{"rendered":"El poble abandonat d\u2019Espluga de Cuberes, Catalunya"},"content":{"rendered":"<p><\/p>\n<h1><span style=\"font-weight: 400;\">El poble abandonat d\u2019Espluga de Cuberes, Catalunya<\/span><\/h1>\n<p><img loading=\"lazy\" decoding=\"async\" class=\"alignnone wp-image-3526 size-full\" src=\"https:\/\/mundocanyon.com\/wp-content\/uploads\/2024\/09\/gopr0540.jpg\" alt=\"Pueblo abandonado de Espluga de Cuberes, Lleida, Catalu\u00f1a\" width=\"1800\" height=\"1575\" srcset=\"https:\/\/mundocanyon.com\/wp-content\/uploads\/2024\/09\/gopr0540.jpg 1800w, https:\/\/mundocanyon.com\/wp-content\/uploads\/2024\/09\/gopr0540-246x215.jpg 246w, https:\/\/mundocanyon.com\/wp-content\/uploads\/2024\/09\/gopr0540-1024x896.jpg 1024w, https:\/\/mundocanyon.com\/wp-content\/uploads\/2024\/09\/gopr0540-768x672.jpg 768w, https:\/\/mundocanyon.com\/wp-content\/uploads\/2024\/09\/gopr0540-1536x1344.jpg 1536w\" sizes=\"auto, (max-width: 1800px) 100vw, 1800px\" \/><\/p>\n<p><span style=\"font-weight: 400;\">El poble abandonat d\u2019Espluga de Cuberes es troba en un enclavament \u00fanic, situat entre dos espais naturals i al mateix cor dels desfiladors de Collegats. Un d\u2019aquests espais naturals \u00e9s la Reserva Nacional de Ca\u00e7a de Boumort i l\u2019altre \u00e9s l\u2019Espai Natural Protegit Collegats-Queralt. El nom Queralt fa refer\u00e8ncia a la gran muralla de conglomerat rogenc a l\u2019entrada del desfilador, coneguda com La Roca de Queralt.<\/span><\/p>\n<p><span style=\"font-weight: 400;\">El mateix desfilador de Collegats fa de frontera natural entre les dues comarques, Pallars Juss\u00e0 i Pallars Sobir\u00e0. Ambdues comarques formen, juntament amb la Vall d\u2019Aran i la Ribagor\u00e7a, el nord de Lleida. Aix\u00ed doncs, Espluga de Cuberes \u00e9s un dels pobles abandonats m\u00e9s bonics de Catalunya i possiblement de tota Espanya.<\/span><\/p>\n<h2><span style=\"font-weight: 400;\">Poble abandonat d\u2019Espluga de Cuberes: hist\u00f2ria i curiositats<\/span><\/h2>\n<p><span style=\"font-weight: 400;\">Espluga de Cuberes \u00e9s un poble troglodita abandonat a Catalunya, constru\u00eft a les baumes d\u2019una gran paret i a gran altura respecte al s\u00f2l. Nom\u00e9s t\u00e9 un acc\u00e9s per una gran escala i est\u00e0 format per dues grans cavitats amb construccions en ambdues.<\/span><\/p>\n<p><span style=\"font-weight: 400;\">Una de les construccions \u00e9s l\u2019ermita de Santa Coloma, amb molts detalls encara conservats. \u00c9s magn\u00edfic observar des de les seves finestres i gaudir de la mateixa vista que tenien els seus antics habitants, un gran retrobament amb el passat.<\/span><\/p>\n<p><span style=\"font-weight: 400;\">Una altra curiositat i encant d\u2019aquest preci\u00f3s poble \u00e9s que no s\u2019hi pot arribar amb vehicle. El punt m\u00e9s proper \u00e9s a una hora i mitja caminant per preciosos senders amb vistes a l\u2019imponent barranc de l\u2019Infern, on es realitza la majoria dels descensos de barrancs de les dues comarques.<\/span><\/p>\n<h2><span style=\"font-weight: 400;\">Per qu\u00e8 \u00e9s un dels llocs d\u2019Espanya que no et pots perdre?<\/span><\/h2>\n<p><span style=\"font-weight: 400;\">Simplement, no t\u2019ho has de perdre perqu\u00e8 \u00e9s \u00fanic en la seva esp\u00e8cie. A m\u00e9s, \u00e9s un poble troglodita; la formaci\u00f3 de la roca li d\u00f3na la localitzaci\u00f3 perfecta per a la defensa. Pertany a una \u00e8poca en qu\u00e8 les invasions i conquestes estaven a l\u2019ordre del dia, i aquesta ubicaci\u00f3 li donava avantatge davant els enemics. Sincerament, \u00e9s espectacular.<\/span><\/p>\n<p><span style=\"font-weight: 400;\">Tamb\u00e9 est\u00e0 carregat d\u2019hist\u00f2ries relativament recents explicades pels mateixos descendents de la fam\u00edlia que l\u2019habit\u00e0.<\/span><\/p>\n<p><span style=\"font-weight: 400;\">Una altra de les raons per visitar aquest magn\u00edfic lloc \u00e9s el que aprendr\u00e0s de geologia. Tot el recorregut, tant en cotxe com a peu, pots veure perfectament com la terra ens parla i ens explica la seva hist\u00f2ria de la creaci\u00f3. A m\u00e9s, est\u00e0 dins del Geoparc Mundial de la UNESCO.<\/span><\/p>\n<h2><span style=\"font-weight: 400;\">Quina \u00e9s la millor \u00e8poca per visitar-lo?<\/span><\/h2>\n<p><span style=\"font-weight: 400;\">La millor \u00e8poca per visitar Espluga de Cuberes \u00e9s durant els mesos de tardor, hivern i inicis de primavera, ja que cal caminar per arribar-hi. No \u00e9s recomanable fer-ho a l\u2019estiu per l\u2019exc\u00e9s de calor.<\/span><\/p>\n<p><span style=\"font-weight: 400;\">Recorda portar aigua, ja que no hi ha fonts properes ni d\u2019aigua potable, a m\u00e9s d\u2019alguna cosa per picar, ja que l\u2019activitat pot allargar-se.<\/span><\/p>\n<h2><span style=\"font-weight: 400;\">Consells per visitar el poble abandonat d\u2019Espluga de Cuberes<\/span><\/h2>\n<p><span style=\"font-weight: 400;\">La millor manera de visitar Espluga de Cuberes \u00e9s amb un guia local. Et recollir\u00e0 a la Pobla de Segur, el poble m\u00e9s proper. Des d\u2019all\u00e0, s\u00f3n uns 35 minuts en els nostres vehicles 4&#215;4 fins al p\u00e0rquing on comen\u00e7a el sender. A partir d\u2019aqu\u00ed, \u00e9s una ruta lineal d\u2019anada i tornada pel mateix sender fins al poble abandonat, que dura aproximadament una hora i mitja, tenint en compte les parades per gaudir de les vistes majestuoses a\u00e8ries del desfilador de Collegats i de la serra de Boumort.<\/span><\/p>\n<div style=\"padding: 56.25% 0 0 0; position: relative;\"><iframe style=\"position: absolute; top: 0; left: 0; width: 100%; height: 100%;\" title=\"Espluga de Cuberes\" src=\"https:\/\/player.vimeo.com\/video\/904191754?badge=0&amp;autopause=0&amp;player_id=0&amp;app_id=58479\" frameborder=\"0\" data-mce-fragment=\"1\"><\/iframe><\/div>\n<p><div  id=\"jtg-1031\" class=\"modula modula-gallery modula-custom-grid\" data-config=\"{&quot;height&quot;:800,&quot;tabletHeight&quot;:800,&quot;mobileHeight&quot;:800,&quot;desktopHeight&quot;:800,&quot;enableTwitter&quot;:false,&quot;enableWhatsapp&quot;:false,&quot;enableFacebook&quot;:false,&quot;enablePinterest&quot;:false,&quot;enableLinkedin&quot;:false,&quot;enableEmail&quot;:false,&quot;randomFactor&quot;:0.5,&quot;type&quot;:&quot;custom-grid&quot;,&quot;columns&quot;:12,&quot;gutter&quot;:10,&quot;mobileGutter&quot;:10,&quot;tabletGutter&quot;:10,&quot;desktopGutter&quot;:10,&quot;enableResponsive&quot;:&quot;0&quot;,&quot;tabletColumns&quot;:2,&quot;mobileColumns&quot;:1,&quot;lazyLoad&quot;:0,&quot;lightboxOpts&quot;:{&quot;animated&quot;:true,&quot;Thumbs&quot;:{&quot;type&quot;:&quot;modern&quot;,&quot;showOnStart&quot;:false},&quot;Toolbar&quot;:{&quot;display&quot;:{&quot;right&quot;:[&quot;close&quot;]},&quot;enabled&quot;:true},&quot;Carousel&quot;:{&quot;Panzoom&quot;:{&quot;touch&quot;:true},&quot;infinite&quot;:false},&quot;keyboard&quot;:{&quot;Escape&quot;:&quot;close&quot;,&quot;Delete&quot;:&quot;close&quot;,&quot;Backspace&quot;:&quot;close&quot;,&quot;PageUp&quot;:false,&quot;PageDown&quot;:false,&quot;ArrowUp&quot;:false,&quot;ArrowDown&quot;:false,&quot;ArrowRight&quot;:false,&quot;ArrowLeft&quot;:false},&quot;touch&quot;:false,&quot;backdropClick&quot;:false,&quot;l10n&quot;:{&quot;CLOSE&quot;:&quot;Close&quot;,&quot;NEXT&quot;:&quot;Next&quot;,&quot;PREV&quot;:&quot;Previous&quot;,&quot;Error&quot;:&quot;The requested content cannot be loaded. Please try again later.&quot;,&quot;PLAY_START&quot;:&quot;Start slideshow&quot;,&quot;PLAY_STOP&quot;:&quot;Pause slideshow&quot;,&quot;FULL_SCREEN&quot;:&quot;Full screen&quot;,&quot;THUMBS&quot;:&quot;Thumbnails&quot;,&quot;DOWNLOAD&quot;:&quot;Download&quot;,&quot;SHARE&quot;:&quot;Share&quot;,&quot;ZOOM&quot;:&quot;Zoom&quot;,&quot;EMAIL&quot;:&quot;Here is the link to the image : %%image_link%% and this is the link to the gallery : %%gallery_link%%&quot;,&quot;MODAL&quot;:&quot;You can close this modal content with the ESC key&quot;,&quot;ERROR&quot;:&quot;Something Went Wrong, Please Try Again Later&quot;,&quot;IMAGE_ERROR&quot;:&quot;Image Not Found&quot;,&quot;ELEMENT_NOT_FOUND&quot;:&quot;HTML Element Not Found&quot;,&quot;AJAX_NOT_FOUND&quot;:&quot;Error Loading AJAX : Not Found&quot;,&quot;AJAX_FORBIDDEN&quot;:&quot;Error Loading AJAX : Forbidden&quot;,&quot;IFRAME_ERROR&quot;:&quot;Error Loading Page&quot;,&quot;TOGGLE_ZOOM&quot;:&quot;Toggle zoom level&quot;,&quot;TOGGLE_THUMBS&quot;:&quot;Toggle thumbnails&quot;,&quot;TOGGLE_SLIDESHOW&quot;:&quot;Toggle slideshow&quot;,&quot;TOGGLE_FULLSCREEN&quot;:&quot;Toggle full-screen mode&quot;},&quot;Images&quot;:{&quot;Panzoom&quot;:{&quot;maxScale&quot;:2}},&quot;mainClass&quot;:&quot;modula-fancybox-container modula-lightbox-jtg-1031&quot;,&quot;Html&quot;:{&quot;videoAutoplay&quot;:0,&quot;videoTpl&quot;:&quot;&lt;video class=\\&quot;fancybox__html5video\\&quot; controls muted playsinline controlsList controlsList=\\&quot;nodownload\\&quot; poster=\\&quot;{{poster}}\\&quot; src=\\&quot;{{src}}\\&quot; type=\\&quot;{{format}}\\&quot; &gt;  Sorry, your browser doesn&#039;t support embedded videos, &lt;a href=\\&quot;{{src}}\\&quot;&gt; download &lt;\\\/a&gt; and watch with your favorite video player! &lt;\\\/video&gt;&quot;}},&quot;inView&quot;:false,&quot;email_subject&quot;:&quot;Check out this awesome image !!&quot;,&quot;email_message&quot;:&quot;Here is the link to the image : %%image_link%% and this is the link to the gallery : %%gallery_link%%&quot;,&quot;lightbox&quot;:&quot;fancybox&quot;}\">\n\n\t\n\t<div  class=\"modula-items\">\n\t\t<div class=\"modula-item effect-pufrobo\" data-width=\"6\" data-height=\"4\" >\n\t<div class=\"modula-item-overlay\"><\/div>\n\n\t<div class=\"modula-item-content\">\n\n\t\t<a data-image-id=\"888\" role=\"button\" tabindex=\"0\" rel=\"jtg-1031\" data-caption=\"\" aria-label=\"Open image in lightbox\" class=\"tile-inner modula-item-link\"><\/a><img loading=\"lazy\" decoding=\"async\" class=\"pic wp-image-888\"  data-valign=\"middle\" data-halign=\"center\" alt=\"\" data-full=\"https:\/\/mundocanyon.com\/wp-content\/uploads\/2022\/02\/gopr2024-min.jpg\" title=\"GOPR2024-min\" crop=\"\" width=\"4000\" height=\"3000\" src=\"https:\/\/mundocanyon.com\/wp-content\/uploads\/2022\/02\/gopr2024-min.jpg\" data-src=\"https:\/\/mundocanyon.com\/wp-content\/uploads\/2022\/02\/gopr2024-min.jpg\" data-caption=\"\" srcset=\"https:\/\/mundocanyon.com\/wp-content\/uploads\/2022\/02\/gopr2024-min.jpg 4000w, https:\/\/mundocanyon.com\/wp-content\/uploads\/2022\/02\/gopr2024-min-287x215.jpg 287w, https:\/\/mundocanyon.com\/wp-content\/uploads\/2022\/02\/gopr2024-min-1024x768.jpg 1024w, https:\/\/mundocanyon.com\/wp-content\/uploads\/2022\/02\/gopr2024-min-768x576.jpg 768w, https:\/\/mundocanyon.com\/wp-content\/uploads\/2022\/02\/gopr2024-min-1536x1152.jpg 1536w, https:\/\/mundocanyon.com\/wp-content\/uploads\/2022\/02\/gopr2024-min-2048x1536.jpg 2048w\" sizes=\"auto, (max-width: 4000px) 100vw, 4000px\" \/>\n\t\t<div class=\"figc no-description\">\n\t\t\t<div class=\"figc-inner\">\n\t\t\t\t\t\t\t\t\t\t\t\t\t\t\t<\/div>\n\t\t<\/div>\n\n\t<\/div>\n\n<\/div><div class=\"modula-item effect-pufrobo\" data-width=\"6\" data-height=\"4\" >\n\t<div class=\"modula-item-overlay\"><\/div>\n\n\t<div class=\"modula-item-content\">\n\n\t\t<a data-image-id=\"3520\" role=\"button\" tabindex=\"0\" rel=\"jtg-1031\" data-caption=\"\" aria-label=\"Open image in lightbox\" class=\"tile-inner modula-item-link\"><\/a><img loading=\"lazy\" decoding=\"async\" class=\"pic wp-image-3520\"  data-valign=\"middle\" data-halign=\"center\" alt=\"\" data-full=\"https:\/\/mundocanyon.com\/wp-content\/uploads\/2024\/09\/dsc04865.jpg\" title=\"DSC04865\" crop=\"\" width=\"1800\" height=\"1200\" src=\"https:\/\/mundocanyon.com\/wp-content\/uploads\/2024\/09\/dsc04865.jpg\" data-src=\"https:\/\/mundocanyon.com\/wp-content\/uploads\/2024\/09\/dsc04865.jpg\" data-caption=\"\" srcset=\"https:\/\/mundocanyon.com\/wp-content\/uploads\/2024\/09\/dsc04865.jpg 1800w, https:\/\/mundocanyon.com\/wp-content\/uploads\/2024\/09\/dsc04865-323x215.jpg 323w, https:\/\/mundocanyon.com\/wp-content\/uploads\/2024\/09\/dsc04865-1024x683.jpg 1024w, https:\/\/mundocanyon.com\/wp-content\/uploads\/2024\/09\/dsc04865-768x512.jpg 768w, https:\/\/mundocanyon.com\/wp-content\/uploads\/2024\/09\/dsc04865-1536x1024.jpg 1536w\" sizes=\"auto, (max-width: 1800px) 100vw, 1800px\" \/>\n\t\t<div class=\"figc no-description\">\n\t\t\t<div class=\"figc-inner\">\n\t\t\t\t\t\t\t\t\t\t\t\t\t\t\t<\/div>\n\t\t<\/div>\n\n\t<\/div>\n\n<\/div><div class=\"modula-item effect-pufrobo\" data-width=\"7\" data-height=\"4\" >\n\t<div class=\"modula-item-overlay\"><\/div>\n\n\t<div class=\"modula-item-content\">\n\n\t\t<a data-image-id=\"3523\" role=\"button\" tabindex=\"0\" rel=\"jtg-1031\" data-caption=\"\" aria-label=\"Open image in lightbox\" class=\"tile-inner modula-item-link\"><\/a><img loading=\"lazy\" decoding=\"async\" class=\"pic wp-image-3523\"  data-valign=\"middle\" data-halign=\"center\" alt=\"\" data-full=\"https:\/\/mundocanyon.com\/wp-content\/uploads\/2024\/09\/dsc04904.jpg\" title=\"DSC04904\" crop=\"\" width=\"1800\" height=\"1200\" src=\"https:\/\/mundocanyon.com\/wp-content\/uploads\/2024\/09\/dsc04904.jpg\" data-src=\"https:\/\/mundocanyon.com\/wp-content\/uploads\/2024\/09\/dsc04904.jpg\" data-caption=\"\" srcset=\"https:\/\/mundocanyon.com\/wp-content\/uploads\/2024\/09\/dsc04904.jpg 1800w, https:\/\/mundocanyon.com\/wp-content\/uploads\/2024\/09\/dsc04904-323x215.jpg 323w, https:\/\/mundocanyon.com\/wp-content\/uploads\/2024\/09\/dsc04904-1024x683.jpg 1024w, https:\/\/mundocanyon.com\/wp-content\/uploads\/2024\/09\/dsc04904-768x512.jpg 768w, https:\/\/mundocanyon.com\/wp-content\/uploads\/2024\/09\/dsc04904-1536x1024.jpg 1536w\" sizes=\"auto, (max-width: 1800px) 100vw, 1800px\" \/>\n\t\t<div class=\"figc no-description\">\n\t\t\t<div class=\"figc-inner\">\n\t\t\t\t\t\t\t\t\t\t\t\t\t\t\t<\/div>\n\t\t<\/div>\n\n\t<\/div>\n\n<\/div><div class=\"modula-item effect-pufrobo\" data-width=\"5\" data-height=\"4\" >\n\t<div class=\"modula-item-overlay\"><\/div>\n\n\t<div class=\"modula-item-content\">\n\n\t\t<a data-image-id=\"3525\" role=\"button\" tabindex=\"0\" rel=\"jtg-1031\" data-caption=\"\" aria-label=\"Open image in lightbox\" class=\"tile-inner modula-item-link\"><\/a><img loading=\"lazy\" decoding=\"async\" class=\"pic wp-image-3525\"  data-valign=\"middle\" data-halign=\"center\" alt=\"\" data-full=\"https:\/\/mundocanyon.com\/wp-content\/uploads\/2024\/09\/gopr0531.jpg\" title=\"GOPR0531\" crop=\"\" width=\"1800\" height=\"1575\" src=\"https:\/\/mundocanyon.com\/wp-content\/uploads\/2024\/09\/gopr0531.jpg\" data-src=\"https:\/\/mundocanyon.com\/wp-content\/uploads\/2024\/09\/gopr0531.jpg\" data-caption=\"\" srcset=\"https:\/\/mundocanyon.com\/wp-content\/uploads\/2024\/09\/gopr0531.jpg 1800w, https:\/\/mundocanyon.com\/wp-content\/uploads\/2024\/09\/gopr0531-246x215.jpg 246w, https:\/\/mundocanyon.com\/wp-content\/uploads\/2024\/09\/gopr0531-1024x896.jpg 1024w, https:\/\/mundocanyon.com\/wp-content\/uploads\/2024\/09\/gopr0531-768x672.jpg 768w, https:\/\/mundocanyon.com\/wp-content\/uploads\/2024\/09\/gopr0531-1536x1344.jpg 1536w\" sizes=\"auto, (max-width: 1800px) 100vw, 1800px\" \/>\n\t\t<div class=\"figc no-description\">\n\t\t\t<div class=\"figc-inner\">\n\t\t\t\t\t\t\t\t\t\t\t\t\t\t\t<\/div>\n\t\t<\/div>\n\n\t<\/div>\n\n<\/div><div class=\"modula-item effect-pufrobo\" data-width=\"6\" data-height=\"4\" >\n\t<div class=\"modula-item-overlay\"><\/div>\n\n\t<div class=\"modula-item-content\">\n\n\t\t<a data-image-id=\"3521\" role=\"button\" tabindex=\"0\" rel=\"jtg-1031\" data-caption=\"\" aria-label=\"Open image in lightbox\" class=\"tile-inner modula-item-link\"><\/a><img loading=\"lazy\" decoding=\"async\" class=\"pic wp-image-3521\"  data-valign=\"middle\" data-halign=\"center\" alt=\"\" data-full=\"https:\/\/mundocanyon.com\/wp-content\/uploads\/2024\/09\/dsc04871.jpg\" title=\"DSC04871\" crop=\"\" width=\"1800\" height=\"1200\" src=\"https:\/\/mundocanyon.com\/wp-content\/uploads\/2024\/09\/dsc04871.jpg\" data-src=\"https:\/\/mundocanyon.com\/wp-content\/uploads\/2024\/09\/dsc04871.jpg\" data-caption=\"\" srcset=\"https:\/\/mundocanyon.com\/wp-content\/uploads\/2024\/09\/dsc04871.jpg 1800w, https:\/\/mundocanyon.com\/wp-content\/uploads\/2024\/09\/dsc04871-323x215.jpg 323w, https:\/\/mundocanyon.com\/wp-content\/uploads\/2024\/09\/dsc04871-1024x683.jpg 1024w, https:\/\/mundocanyon.com\/wp-content\/uploads\/2024\/09\/dsc04871-768x512.jpg 768w, https:\/\/mundocanyon.com\/wp-content\/uploads\/2024\/09\/dsc04871-1536x1024.jpg 1536w\" sizes=\"auto, (max-width: 1800px) 100vw, 1800px\" \/>\n\t\t<div class=\"figc no-description\">\n\t\t\t<div class=\"figc-inner\">\n\t\t\t\t\t\t\t\t\t\t\t\t\t\t\t<\/div>\n\t\t<\/div>\n\n\t<\/div>\n\n<\/div><div class=\"modula-item effect-pufrobo\" data-width=\"6\" data-height=\"4\" >\n\t<div class=\"modula-item-overlay\"><\/div>\n\n\t<div class=\"modula-item-content\">\n\n\t\t<a data-image-id=\"3527\" role=\"button\" tabindex=\"0\" rel=\"jtg-1031\" data-caption=\"\" aria-label=\"Open image in lightbox\" class=\"tile-inner modula-item-link\"><\/a><img loading=\"lazy\" decoding=\"async\" class=\"pic wp-image-3527\"  data-valign=\"middle\" data-halign=\"center\" alt=\"\" data-full=\"https:\/\/mundocanyon.com\/wp-content\/uploads\/2024\/09\/gopr0549.jpg\" title=\"GOPR0549\" crop=\"\" width=\"1800\" height=\"1575\" src=\"https:\/\/mundocanyon.com\/wp-content\/uploads\/2024\/09\/gopr0549.jpg\" data-src=\"https:\/\/mundocanyon.com\/wp-content\/uploads\/2024\/09\/gopr0549.jpg\" data-caption=\"\" srcset=\"https:\/\/mundocanyon.com\/wp-content\/uploads\/2024\/09\/gopr0549.jpg 1800w, https:\/\/mundocanyon.com\/wp-content\/uploads\/2024\/09\/gopr0549-246x215.jpg 246w, https:\/\/mundocanyon.com\/wp-content\/uploads\/2024\/09\/gopr0549-1024x896.jpg 1024w, https:\/\/mundocanyon.com\/wp-content\/uploads\/2024\/09\/gopr0549-768x672.jpg 768w, https:\/\/mundocanyon.com\/wp-content\/uploads\/2024\/09\/gopr0549-1536x1344.jpg 1536w\" sizes=\"auto, (max-width: 1800px) 100vw, 1800px\" \/>\n\t\t<div class=\"figc no-description\">\n\t\t\t<div class=\"figc-inner\">\n\t\t\t\t\t\t\t\t\t\t\t\t\t\t\t<\/div>\n\t\t<\/div>\n\n\t<\/div>\n\n<\/div><div class=\"modula-item effect-pufrobo\" data-width=\"4\" data-height=\"4\" >\n\t<div class=\"modula-item-overlay\"><\/div>\n\n\t<div class=\"modula-item-content\">\n\n\t\t<a data-image-id=\"3524\" role=\"button\" tabindex=\"0\" rel=\"jtg-1031\" data-caption=\"\" aria-label=\"Open image in lightbox\" class=\"tile-inner modula-item-link\"><\/a><img loading=\"lazy\" decoding=\"async\" class=\"pic wp-image-3524\"  data-valign=\"middle\" data-halign=\"center\" alt=\"\" data-full=\"https:\/\/mundocanyon.com\/wp-content\/uploads\/2024\/09\/dsc04922.jpg\" title=\"DSC04922\" crop=\"\" width=\"1800\" height=\"1200\" src=\"https:\/\/mundocanyon.com\/wp-content\/uploads\/2024\/09\/dsc04922.jpg\" data-src=\"https:\/\/mundocanyon.com\/wp-content\/uploads\/2024\/09\/dsc04922.jpg\" data-caption=\"\" srcset=\"https:\/\/mundocanyon.com\/wp-content\/uploads\/2024\/09\/dsc04922.jpg 1800w, https:\/\/mundocanyon.com\/wp-content\/uploads\/2024\/09\/dsc04922-323x215.jpg 323w, https:\/\/mundocanyon.com\/wp-content\/uploads\/2024\/09\/dsc04922-1024x683.jpg 1024w, https:\/\/mundocanyon.com\/wp-content\/uploads\/2024\/09\/dsc04922-768x512.jpg 768w, https:\/\/mundocanyon.com\/wp-content\/uploads\/2024\/09\/dsc04922-1536x1024.jpg 1536w\" sizes=\"auto, (max-width: 1800px) 100vw, 1800px\" \/>\n\t\t<div class=\"figc no-description\">\n\t\t\t<div class=\"figc-inner\">\n\t\t\t\t\t\t\t\t\t\t\t\t\t\t\t<\/div>\n\t\t<\/div>\n\n\t<\/div>\n\n<\/div><div class=\"modula-item effect-pufrobo\" data-width=\"4\" data-height=\"4\" >\n\t<div class=\"modula-item-overlay\"><\/div>\n\n\t<div class=\"modula-item-content\">\n\n\t\t<a data-image-id=\"3522\" role=\"button\" tabindex=\"0\" rel=\"jtg-1031\" data-caption=\"\" aria-label=\"Open image in lightbox\" class=\"tile-inner modula-item-link\"><\/a><img loading=\"lazy\" decoding=\"async\" class=\"pic wp-image-3522\"  data-valign=\"middle\" data-halign=\"center\" alt=\"\" data-full=\"https:\/\/mundocanyon.com\/wp-content\/uploads\/2024\/09\/dsc04892.jpg\" title=\"DSC04892\" crop=\"\" width=\"1800\" height=\"1200\" src=\"https:\/\/mundocanyon.com\/wp-content\/uploads\/2024\/09\/dsc04892.jpg\" data-src=\"https:\/\/mundocanyon.com\/wp-content\/uploads\/2024\/09\/dsc04892.jpg\" data-caption=\"\" srcset=\"https:\/\/mundocanyon.com\/wp-content\/uploads\/2024\/09\/dsc04892.jpg 1800w, https:\/\/mundocanyon.com\/wp-content\/uploads\/2024\/09\/dsc04892-323x215.jpg 323w, https:\/\/mundocanyon.com\/wp-content\/uploads\/2024\/09\/dsc04892-1024x683.jpg 1024w, https:\/\/mundocanyon.com\/wp-content\/uploads\/2024\/09\/dsc04892-768x512.jpg 768w, https:\/\/mundocanyon.com\/wp-content\/uploads\/2024\/09\/dsc04892-1536x1024.jpg 1536w\" sizes=\"auto, (max-width: 1800px) 100vw, 1800px\" \/>\n\t\t<div class=\"figc no-description\">\n\t\t\t<div class=\"figc-inner\">\n\t\t\t\t\t\t\t\t\t\t\t\t\t\t\t<\/div>\n\t\t<\/div>\n\n\t<\/div>\n\n<\/div><div class=\"modula-item effect-pufrobo\" data-width=\"4\" data-height=\"4\" >\n\t<div class=\"modula-item-overlay\"><\/div>\n\n\t<div class=\"modula-item-content\">\n\n\t\t<a data-image-id=\"3519\" role=\"button\" tabindex=\"0\" rel=\"jtg-1031\" data-caption=\"\" aria-label=\"Open image in lightbox\" class=\"tile-inner modula-item-link\"><\/a><img loading=\"lazy\" decoding=\"async\" class=\"pic wp-image-3519\"  data-valign=\"middle\" data-halign=\"center\" alt=\"\" data-full=\"https:\/\/mundocanyon.com\/wp-content\/uploads\/2024\/09\/dsc04861.jpg\" title=\"DSC04861\" crop=\"\" width=\"1800\" height=\"1200\" src=\"https:\/\/mundocanyon.com\/wp-content\/uploads\/2024\/09\/dsc04861.jpg\" data-src=\"https:\/\/mundocanyon.com\/wp-content\/uploads\/2024\/09\/dsc04861.jpg\" data-caption=\"\" srcset=\"https:\/\/mundocanyon.com\/wp-content\/uploads\/2024\/09\/dsc04861.jpg 1800w, https:\/\/mundocanyon.com\/wp-content\/uploads\/2024\/09\/dsc04861-323x215.jpg 323w, https:\/\/mundocanyon.com\/wp-content\/uploads\/2024\/09\/dsc04861-1024x683.jpg 1024w, https:\/\/mundocanyon.com\/wp-content\/uploads\/2024\/09\/dsc04861-768x512.jpg 768w, https:\/\/mundocanyon.com\/wp-content\/uploads\/2024\/09\/dsc04861-1536x1024.jpg 1536w\" sizes=\"auto, (max-width: 1800px) 100vw, 1800px\" \/>\n\t\t<div class=\"figc no-description\">\n\t\t\t<div class=\"figc-inner\">\n\t\t\t\t\t\t\t\t\t\t\t\t\t\t\t<\/div>\n\t\t<\/div>\n\n\t<\/div>\n\n<\/div>\t\t\n\t<\/div>\n\n\t\n\t\n<\/div>\n<\/p>","protected":false},"excerpt":{"rendered":"<p>El poble abandonat d\u2019Espluga de Cuberes, Catalunya El poble abandonat d\u2019Espluga de Cuberes es troba en un enclavament \u00fanic, situat entre dos espais naturals i al mateix cor dels desfiladors de Collegats. Un d\u2019aquests espais naturals \u00e9s la Reserva Nacional de Ca\u00e7a de Boumort i l\u2019altre \u00e9s l\u2019Espai Natural Protegit Collegats-Queralt. El nom Queralt fa [&hellip;]<\/p>\n","protected":false},"author":1,"featured_media":2952,"parent":398,"menu_order":5,"comment_status":"closed","ping_status":"closed","template":"","meta":{"footnotes":""},"class_list":["post-447","page","type-page","status-publish","has-post-thumbnail","hentry"],"_links":{"self":[{"href":"https:\/\/mundocanyon.com\/cat\/wp-json\/wp\/v2\/pages\/447","targetHints":{"allow":["GET"]}}],"collection":[{"href":"https:\/\/mundocanyon.com\/cat\/wp-json\/wp\/v2\/pages"}],"about":[{"href":"https:\/\/mundocanyon.com\/cat\/wp-json\/wp\/v2\/types\/page"}],"author":[{"embeddable":true,"href":"https:\/\/mundocanyon.com\/cat\/wp-json\/wp\/v2\/users\/1"}],"replies":[{"embeddable":true,"href":"https:\/\/mundocanyon.com\/cat\/wp-json\/wp\/v2\/comments?post=447"}],"version-history":[{"count":9,"href":"https:\/\/mundocanyon.com\/cat\/wp-json\/wp\/v2\/pages\/447\/revisions"}],"predecessor-version":[{"id":3949,"href":"https:\/\/mundocanyon.com\/cat\/wp-json\/wp\/v2\/pages\/447\/revisions\/3949"}],"up":[{"embeddable":true,"href":"https:\/\/mundocanyon.com\/cat\/wp-json\/wp\/v2\/pages\/398"}],"wp:featuredmedia":[{"embeddable":true,"href":"https:\/\/mundocanyon.com\/cat\/wp-json\/wp\/v2\/media\/2952"}],"wp:attachment":[{"href":"https:\/\/mundocanyon.com\/cat\/wp-json\/wp\/v2\/media?parent=447"}],"curies":[{"name":"wp","href":"https:\/\/api.w.org\/{rel}","templated":true}]}}