{"id":398,"date":"2022-01-11T16:04:40","date_gmt":"2022-01-11T13:04:40","guid":{"rendered":"https:\/\/mundocanyon.com\/?page_id=398"},"modified":"2025-06-11T22:26:52","modified_gmt":"2025-06-11T19:26:52","slug":"senderismo-pirineos","status":"publish","type":"page","link":"https:\/\/mundocanyon.com\/cat\/senderismo-pirineos\/","title":{"rendered":"Senderisme als Pirineus"},"content":{"rendered":"<p><\/p>\n<h1><span style=\"font-weight: 400;\">Senderisme als Pirineus<\/span><\/h1>\n<p><span style=\"font-weight: 400;\">El senderisme als Pirineus Catalans \u00e9s una activitat molt popular entre els amants de la natura i la muntanya. Aquesta zona es caracteritza per tenir una gran varietat de rutes i senders que travessen paisatges impressionants de muntanya, rius, boscos i llacs d\u2019origen glacial.<\/span><\/p>\n<p><span style=\"font-weight: 400;\">A m\u00e9s de gaudir de la natura, el senderisme al Pirineu Catal\u00e0 permet con\u00e8ixer la cultura i les tradicions de la zona, ja que moltes rutes passen per petits pobles i llogarets amb un ric patrimoni hist\u00f2ric i cultural.<\/span><\/p>\n<p><span style=\"font-weight: 400;\">\u00c9s important destacar que, com en qualsevol activitat a la natura, cal prendre precaucions i disposar del material adequat per evitar riscos i assegurar una experi\u00e8ncia segura i satisfact\u00f2ria.<\/span><\/p>\n<h2><span style=\"font-weight: 400;\">Les millors rutes de senderisme als Pirineus<\/span><\/h2>\n<p><span style=\"font-weight: 400;\">Les millors rutes de senderisme als Pirineus es troben a la prov\u00edncia de Lleida, aprofitant que tenim parc nacional i parcs naturals amb algunes muntanyes que superen els 3.000 metres sobre el nivell del mar, incloent la Pica d\u2019Estats, una de les muntanyes m\u00e9s altes dels Pirineus i la m\u00e9s alta de Catalunya.<\/span><\/p>\n<p><span style=\"font-weight: 400;\">Aix\u00ed, les rutes pel Pirineu Catal\u00e0 t\u2019ofereixen l\u2019oportunitat de con\u00e8ixer un dels llocs m\u00e9s bonics d\u2019Espanya, que comparteix frontera amb Andorra i Fran\u00e7a, i que t\u00e9 un gran enriquiment cultural, des de velles llegendes fins a hist\u00f2ries reals com la de la Guerra Civil Espanyola. Tinc moltes ganes de con\u00e8ixer aquest rac\u00f3!<\/span><\/p>\n<h2><span style=\"font-weight: 400;\">Rutes de senderisme a Catalunya<\/span><\/h2>\n<p><span style=\"font-weight: 400;\">Les rutes de senderisme a Catalunya ofereixen una gran varietat de possibilitats, moltes d\u2019elles amb una grandesa natural incre\u00efble. Catalunya t\u00e9 una gran part del patrimoni natural espanyol, amb 17 parcs naturals i un parc nacional dels 14 existents a Espanya.<\/span><\/p>\n<p><span style=\"font-weight: 400;\">Per aix\u00f2, per la seva superf\u00edcie i riquesa natural, Catalunya \u00e9s la comunitat amb m\u00e9s territori verd d\u2019Espanya. A qu\u00e8 esperes per con\u00e8ixer-la?<\/span><\/p>\n<h2><span style=\"font-weight: 400;\">Senderisme al Pallars Juss\u00e0 i Pallars Sobir\u00e0<\/span><\/h2>\n<p><span style=\"font-weight: 400;\">El senderisme al Pallars Sobir\u00e0 \u00e9s la millor oferta que pots trobar, situat al nord de Catalunya i compartint frontera amb la Vall d\u2019Aran, Fran\u00e7a, Andorra i Alt Urgell. La seva ubicaci\u00f3 \u00e9s immillorable, envoltada dels millors paratges naturals d\u2019Espanya.<\/span><\/p>\n<p><span style=\"font-weight: 400;\">Formant part de l\u2019eix central pirinenc, t\u00e9 molts valls i pobles de conte, i rius cabalosos com la Noguera Pallaresa, un gran afluent del riu Segre.<\/span><\/p>\n<p><span style=\"font-weight: 400;\">Despr\u00e9s de milers d\u2019anys mantenint la mateixa cultura i costums, ara tens la facilitat de venir a con\u00e8ixer-ho.<\/span><\/p>\n<h2><span style=\"font-weight: 400;\">Rutes de senderisme a la Pobla de Segur<\/span><\/h2>\n<p><span style=\"font-weight: 400;\">Les rutes de senderisme a la Pobla de Segur s\u00f3n la m\u00e0gia que cerques quan surts a caminar per la muntanya. Est\u00e0 situada a la franja prepirinenca, sent la porta natural del Pirineu i guanyant encant en molts altres aspectes.<\/span><\/p>\n<p><span style=\"font-weight: 400;\">T\u00e9 un gran patrimoni arquitect\u00f2nic, prehist\u00f2ric, geol\u00f2gic i cultural que no podr\u00e0s imaginar fins que no vinguis a con\u00e8ixer-ho. No \u00e9s broma, nom\u00e9s has de venir i posar-te en contacte amb nosaltres per comen\u00e7ar a descobrir coses noves.<\/span><\/p>\n<div style=\"padding: 56.25% 0 0 0; position: relative;\"><iframe style=\"position: absolute; top: 0; left: 0; width: 100%; height: 100%;\" title=\"Espluga de Cuberes\" src=\"https:\/\/player.vimeo.com\/video\/904191754?badge=0&amp;autopause=0&amp;player_id=0&amp;app_id=58479\" frameborder=\"0\" data-mce-fragment=\"1\"><\/iframe><\/div>\n<h2><span style=\"font-weight: 400;\">Preguntes freq\u00fcents sobre senderisme als Pirineus<\/span><\/h2>\n<h3><span style=\"font-weight: 400;\">Qu\u00e8 significa senderisme?<\/span><\/h3>\n<p><span style=\"font-weight: 400;\">El senderisme \u00e9s una activitat molt de moda avui dia, que consisteix a seguir uns itineraris marcats, i de vegades no tan marcats, per arribar a llocs on el cotxe no pot arribar. Per aix\u00f2, moltes vegades la millor opci\u00f3 no \u00e9s confiar que un sender sigui marcat, sin\u00f3 contractar un guia que conegui cada sender, s\u00e0piga on va i qu\u00e8 veurem al final, i com tornar.<\/span><\/p>\n<h3><span style=\"font-weight: 400;\">Qu\u00e8 necessito per fer senderisme als Pirineus?<\/span><\/h3>\n<p><span style=\"font-weight: 400;\">Per fer senderisme als Pirineus necessites, sobretot, unes bones sabates, preferiblement espec\u00edfiques de trekking, roba adequada com pantalons i samarretes transpirables, roba d\u2019abric i, segons l\u2019itinerari o l\u2019\u00e8poca de l\u2019any, altres materials. Tamb\u00e9 \u00e9s important portar una motxilla amb aigua i menjar, com entrepans, fruita, barretes, etc. El millor \u00e9s posar-te en contacte amb el teu guia personal perqu\u00e8 t\u2019assessori sobre tot el necessari per a la vostra ruta.<\/span><\/p>\n<h3><span style=\"font-weight: 400;\">Quina difer\u00e8ncia hi ha entre senderisme i trekking?<\/span><\/h3>\n<p><span style=\"font-weight: 400;\">Podr\u00edem dir que el trekking no necessita seguir un sender o itinerari pr\u00e8viament marcat i pot referir-se simplement a caminar per la muntanya durant un temps indeterminat, mentre que el senderisme se centra en seguir un sender que no sol durar m\u00e9s d\u2019una jornada.<\/span><\/p>\n<h3><span style=\"font-weight: 400;\">Per qu\u00e8 \u00e9s millor contractar un guia per fer senderisme als Pirineus?<\/span><\/h3>\n<p><span style=\"font-weight: 400;\">T\u00e9 molts avantatges: el guia coneix llocs que potser mai veuries si no hi anessis amb ell, sap on s\u00f3n les millors vistes, on refugiar-se, on parar a menjar, coneix cada planta, hist\u00f2ria, llegenda, cultura i geologia, est\u00e0 format en primers auxilis, t\u00e9 compet\u00e8ncies per guiar-te en condicions adverses, pot portar-te de tornada si et perds, marca un ritme de marxa, controla horaris, cuida l\u2019equip, fa que l\u2019activitat sigui din\u00e0mica i divertida, i molt m\u00e9s. Aix\u00ed que, sisplau, contracta un guia quan surtis a la muntanya.<\/span><\/p>","protected":false},"excerpt":{"rendered":"<p>Senderisme als Pirineus El senderisme als Pirineus Catalans \u00e9s una activitat molt popular entre els amants de la natura i la muntanya. Aquesta zona es caracteritza per tenir una gran varietat de rutes i senders que travessen paisatges impressionants de muntanya, rius, boscos i llacs d\u2019origen glacial. A m\u00e9s de gaudir de la natura, el [&hellip;]<\/p>\n","protected":false},"author":1,"featured_media":2584,"parent":0,"menu_order":3,"comment_status":"closed","ping_status":"closed","template":"","meta":{"footnotes":""},"class_list":["post-398","page","type-page","status-publish","has-post-thumbnail","hentry"],"_links":{"self":[{"href":"https:\/\/mundocanyon.com\/cat\/wp-json\/wp\/v2\/pages\/398","targetHints":{"allow":["GET"]}}],"collection":[{"href":"https:\/\/mundocanyon.com\/cat\/wp-json\/wp\/v2\/pages"}],"about":[{"href":"https:\/\/mundocanyon.com\/cat\/wp-json\/wp\/v2\/types\/page"}],"author":[{"embeddable":true,"href":"https:\/\/mundocanyon.com\/cat\/wp-json\/wp\/v2\/users\/1"}],"replies":[{"embeddable":true,"href":"https:\/\/mundocanyon.com\/cat\/wp-json\/wp\/v2\/comments?post=398"}],"version-history":[{"count":21,"href":"https:\/\/mundocanyon.com\/cat\/wp-json\/wp\/v2\/pages\/398\/revisions"}],"predecessor-version":[{"id":3946,"href":"https:\/\/mundocanyon.com\/cat\/wp-json\/wp\/v2\/pages\/398\/revisions\/3946"}],"wp:featuredmedia":[{"embeddable":true,"href":"https:\/\/mundocanyon.com\/cat\/wp-json\/wp\/v2\/media\/2584"}],"wp:attachment":[{"href":"https:\/\/mundocanyon.com\/cat\/wp-json\/wp\/v2\/media?parent=398"}],"curies":[{"name":"wp","href":"https:\/\/api.w.org\/{rel}","templated":true}]}}