{"id":378,"date":"2022-01-11T15:30:52","date_gmt":"2022-01-11T12:30:52","guid":{"rendered":"https:\/\/mundocanyon.com\/?page_id=378"},"modified":"2025-06-10T22:14:10","modified_gmt":"2025-06-10T19:14:10","slug":"avanzado","status":"publish","type":"page","link":"https:\/\/mundocanyon.com\/cat\/barranquismo-pirineos\/avanzado\/","title":{"rendered":"Livell avan\u00e7at"},"content":{"rendered":"<p><\/p>\n<h1 data-start=\"1683\" data-end=\"1732\"><strong data-start=\"1695\" data-end=\"1732\"><span style=\"font-weight: 400;\"><img loading=\"lazy\" decoding=\"async\" class=\"alignnone wp-image-1119\" src=\"https:\/\/mundocanyon.com\/wp-content\/uploads\/2022\/03\/uroven4.png\" alt=\"\" width=\"35\" height=\"27\" \/> <\/span>Barranquisme avan\u00e7at als Pirineus<\/strong><\/h1>\n<p data-start=\"1734\" data-end=\"2089\">El barranquisme avan\u00e7at als Pirineus ens permet fer un pas m\u00e9s en el nostre nivell com a barranquistes. Aquest nivell es caracteritza per la seva complexitat, amb descensos m\u00e9s llargs, per tant, de major durada i amb m\u00e9s cabal d\u2019aigua, cosa que aporta un toc extrem i ple d\u2019adrenalina en els r\u00e0pels, salts als gorgs o els divertid\u00edssims tobogans naturals.<\/p>\n<p data-start=\"2091\" data-end=\"2406\">Per fer barranquisme avan\u00e7at cal tenir habilitat, una condici\u00f3 f\u00edsica m\u00ednima i estar preparat per a una activitat din\u00e0mica. \u00c9s molt important escollir b\u00e9 el barranc adequat segons les nostres capacitats. Si no tens clar quin triar, posa\u2019t en contacte amb nosaltres i t\u2019ajudarem a escollir el barranc ideal per a tu.<\/p>\n<p data-start=\"2408\" data-end=\"2670\">Als Pirineus catalans es troben alguns dels millors barrancs de tota la serralada. Cada temporada molts barranquistes hi acudeixen per fer els seus descensos. Un dels m\u00e9s coneguts \u00e9s el <strong data-start=\"2594\" data-end=\"2614\">Barranc de N\u00faria<\/strong>, situat a la <strong data-start=\"2628\" data-end=\"2645\">Vall de N\u00faria<\/strong>, als Pirineus de Girona.<\/p>\n<h2 data-start=\"2672\" data-end=\"2714\"><strong data-start=\"2672\" data-end=\"2714\">Puc comen\u00e7ar pel barranquisme avan\u00e7at?<\/strong><\/h2>\n<p data-start=\"2716\" data-end=\"2879\">Tal com indica el seu nom, el barranquisme avan\u00e7at \u00e9s per a persones que ja han passat per un proc\u00e9s de progressi\u00f3 i han adquirit experi\u00e8ncia en nivells inferiors.<\/p>\n<p data-start=\"2881\" data-end=\"3220\">Per moltes raons, especialment per seguretat, es recomana comen\u00e7ar per barrancs d\u2019iniciaci\u00f3 o nivell mitj\u00e0. Endinsar-se en un nivell superior al nostre pot ser massa esgotador i pot espatllar l\u2019experi\u00e8ncia. A m\u00e9s, \u00e9s important connectar amb el guia, i si \u00e9s possible, repetir amb el mateix guia que ja et coneix i sap les teves capacitats.<\/p>\n<p><\/p>","protected":false},"excerpt":{"rendered":"<p>Barranquisme avan\u00e7at als Pirineus El barranquisme avan\u00e7at als Pirineus ens permet fer un pas m\u00e9s en el nostre nivell com a barranquistes. Aquest nivell es caracteritza per la seva complexitat, amb descensos m\u00e9s llargs, per tant, de major durada i amb m\u00e9s cabal d\u2019aigua, cosa que aporta un toc extrem i ple d\u2019adrenalina en els [&hellip;]<\/p>\n","protected":false},"author":1,"featured_media":463,"parent":288,"menu_order":4,"comment_status":"closed","ping_status":"closed","template":"","meta":{"footnotes":""},"class_list":["post-378","page","type-page","status-publish","has-post-thumbnail","hentry"],"_links":{"self":[{"href":"https:\/\/mundocanyon.com\/cat\/wp-json\/wp\/v2\/pages\/378","targetHints":{"allow":["GET"]}}],"collection":[{"href":"https:\/\/mundocanyon.com\/cat\/wp-json\/wp\/v2\/pages"}],"about":[{"href":"https:\/\/mundocanyon.com\/cat\/wp-json\/wp\/v2\/types\/page"}],"author":[{"embeddable":true,"href":"https:\/\/mundocanyon.com\/cat\/wp-json\/wp\/v2\/users\/1"}],"replies":[{"embeddable":true,"href":"https:\/\/mundocanyon.com\/cat\/wp-json\/wp\/v2\/comments?post=378"}],"version-history":[{"count":8,"href":"https:\/\/mundocanyon.com\/cat\/wp-json\/wp\/v2\/pages\/378\/revisions"}],"predecessor-version":[{"id":3856,"href":"https:\/\/mundocanyon.com\/cat\/wp-json\/wp\/v2\/pages\/378\/revisions\/3856"}],"up":[{"embeddable":true,"href":"https:\/\/mundocanyon.com\/cat\/wp-json\/wp\/v2\/pages\/288"}],"wp:featuredmedia":[{"embeddable":true,"href":"https:\/\/mundocanyon.com\/cat\/wp-json\/wp\/v2\/media\/463"}],"wp:attachment":[{"href":"https:\/\/mundocanyon.com\/cat\/wp-json\/wp\/v2\/media?parent=378"}],"curies":[{"name":"wp","href":"https:\/\/api.w.org\/{rel}","templated":true}]}}