{"id":3750,"date":"2025-03-29T00:29:33","date_gmt":"2025-03-28T21:29:33","guid":{"rendered":"https:\/\/mundocanyon.com\/?page_id=3750"},"modified":"2025-06-11T19:09:00","modified_gmt":"2025-06-11T16:09:00","slug":"sima-forat-dels-diners-3","status":"publish","type":"page","link":"https:\/\/mundocanyon.com\/cat\/espeleologia-en-catalunya\/sima-forat-dels-diners-3\/","title":{"rendered":"Sima Forat dels Diners"},"content":{"rendered":"<p><\/p>\n<h1><span style=\"font-weight: 400;\">Sima Forat dels Diners<\/span><\/h1>\n<p><img loading=\"lazy\" decoding=\"async\" class=\"alignnone wp-image-3755 size-full\" src=\"https:\/\/mundocanyon.com\/wp-content\/uploads\/2025\/03\/p5222365.jpg\" alt=\"\" width=\"4608\" height=\"3456\" srcset=\"https:\/\/mundocanyon.com\/wp-content\/uploads\/2025\/03\/p5222365.jpg 4608w, https:\/\/mundocanyon.com\/wp-content\/uploads\/2025\/03\/p5222365-287x215.jpg 287w, https:\/\/mundocanyon.com\/wp-content\/uploads\/2025\/03\/p5222365-1024x768.jpg 1024w, https:\/\/mundocanyon.com\/wp-content\/uploads\/2025\/03\/p5222365-768x576.jpg 768w, https:\/\/mundocanyon.com\/wp-content\/uploads\/2025\/03\/p5222365-1536x1152.jpg 1536w, https:\/\/mundocanyon.com\/wp-content\/uploads\/2025\/03\/p5222365-2048x1536.jpg 2048w\" sizes=\"auto, (max-width: 4608px) 100vw, 4608px\" \/><\/p>\n<p><span style=\"font-weight: 400;\">El Forat dels Diners \u00e9s una sima molt interessant situada en un paisatge preci\u00f3s del Pallars Juss\u00e0. Aquesta cavitat ofereix una experi\u00e8ncia \u00fanica d\u2019espeleologia, ideal per a aquells que s\u2019inicien en aquest m\u00f3n.<\/span><span style=\"font-weight: 400;\"><br \/>\n<\/span><span style=\"font-weight: 400;\"> En entrar, et sorprendr\u00e0 un espectacular pou volat, seguit de sales i galeries adornades amb formacions de concrecions i espeleotemes de formes diverses, creant una atmosfera m\u00e0gica que convida a l\u2019exploraci\u00f3. Durant la visita, farem r\u00e0pels i ascensos per corda per explorar cada rac\u00f3 d\u2019aquesta cavitat.<\/span><span style=\"font-weight: 400;\"><br \/>\n<\/span><span style=\"font-weight: 400;\"> No et pots perdre aquesta sima, t\u00e9 galeries noves! Una aventura inoblidable!<\/span><\/p>\n<h5><img loading=\"lazy\" decoding=\"async\" class=\"alignnone wp-image-1099\" src=\"https:\/\/mundocanyon.com\/wp-content\/uploads\/2022\/03\/uroven2.png\" alt=\"\" width=\"35\" height=\"27\" \/><strong> Nivell de dificultat<\/strong><\/h5>\n<p><span style=\"font-weight: 400;\">Mitj\u00e0.<\/span><\/p>\n<h5><b><img loading=\"lazy\" decoding=\"async\" class=\"alignnone wp-image-1045\" src=\"https:\/\/mundocanyon.com\/wp-content\/uploads\/2022\/03\/ficha-tecnica1.png\" alt=\"\" width=\"35\" height=\"35\" \/><\/b><strong>Fitxa t\u00e8cnica<\/strong><\/h5>\n<ul>\n<li style=\"font-weight: 400;\" aria-level=\"1\"><span style=\"font-weight: 400;\">Aproximaci\u00f3: 20 min.<\/span><\/li>\n<li style=\"font-weight: 400;\" aria-level=\"1\"><span style=\"font-weight: 400;\">Visita: Entre 2 h 30 min i 3 h.<\/span><\/li>\n<li style=\"font-weight: 400;\" aria-level=\"1\"><span style=\"font-weight: 400;\">Retorn: 20 min.\u00a0<\/span><\/li>\n<li style=\"font-weight: 400;\" aria-level=\"1\"><span style=\"font-weight: 400;\">L&#8217;activitat completa dura aprox. 4 h amb el briefing i la preparaci\u00f3.<\/span><\/li>\n<\/ul>\n<h5><b><img loading=\"lazy\" decoding=\"async\" class=\"alignnone wp-image-1048\" src=\"https:\/\/mundocanyon.com\/wp-content\/uploads\/2022\/03\/galochka1.png\" alt=\"\" width=\"35\" height=\"35\" \/><\/b> <strong>L&#8217;activitat inclou<\/strong><\/h5>\n<ul>\n<li style=\"font-weight: 400;\" aria-level=\"1\"><span style=\"font-weight: 400;\">Guia t\u00e8cnic esportiu en espeleologia i muntanya<\/span><\/li>\n<li style=\"font-weight: 400;\" aria-level=\"1\"><span style=\"font-weight: 400;\">Material: mono, arnesos, casc i frontal<\/span><\/li>\n<li style=\"font-weight: 400;\" aria-level=\"1\"><span style=\"font-weight: 400;\">Assegurances de responsabilitat civil i accidents<\/span><\/li>\n<li style=\"font-weight: 400;\" aria-level=\"1\"><span style=\"font-weight: 400;\">Reportatge fotogr\u00e0fic<\/span><\/li>\n<\/ul>\n<p><i><span style=\"font-weight: 400;\">Recomanacions:<\/span><\/i><\/p>\n<p><span style=\"font-weight: 400;\">Cal\u00e7at esportiu o botes de trekking obligatori. Molt recomanable: guants fins de treball i roba de recanvi al cotxe.<\/span><\/p>\n<h5><b><img loading=\"lazy\" decoding=\"async\" class=\"alignnone wp-image-1049\" src=\"https:\/\/mundocanyon.com\/wp-content\/uploads\/2022\/03\/evro1.png\" alt=\"\" width=\"35\" height=\"35\" \/><\/b> <strong>Preus per grup:<\/strong><\/h5>\n<ul>\n<li style=\"font-weight: 400;\" aria-level=\"1\"><span style=\"font-weight: 400;\">2 persones: 85 \u20ac per persona<\/span><\/li>\n<li style=\"font-weight: 400;\" aria-level=\"1\"><span style=\"font-weight: 400;\">M\u00e9s de 2 persones: 80 \u20ac per persona<\/span><\/li>\n<\/ul>\n<div  id=\"jtg-3757\" class=\"modula modula-gallery modula-columns\" data-config=\"{&quot;tabletHeight&quot;:800,&quot;mobileHeight&quot;:800,&quot;desktopHeight&quot;:800,&quot;enableTwitter&quot;:false,&quot;enableWhatsapp&quot;:false,&quot;enableFacebook&quot;:false,&quot;enablePinterest&quot;:false,&quot;enableLinkedin&quot;:false,&quot;enableEmail&quot;:false,&quot;randomFactor&quot;:0.5,&quot;type&quot;:&quot;grid&quot;,&quot;columns&quot;:12,&quot;gutter&quot;:10,&quot;mobileGutter&quot;:10,&quot;tabletGutter&quot;:10,&quot;desktopGutter&quot;:10,&quot;enableResponsive&quot;:&quot;0&quot;,&quot;tabletColumns&quot;:2,&quot;mobileColumns&quot;:1,&quot;lazyLoad&quot;:0,&quot;lightboxOpts&quot;:{&quot;animated&quot;:true,&quot;Thumbs&quot;:{&quot;type&quot;:&quot;modern&quot;,&quot;showOnStart&quot;:false},&quot;Toolbar&quot;:{&quot;display&quot;:{&quot;right&quot;:[&quot;close&quot;]},&quot;enabled&quot;:true},&quot;Carousel&quot;:{&quot;Panzoom&quot;:{&quot;touch&quot;:true},&quot;infinite&quot;:false},&quot;keyboard&quot;:{&quot;Escape&quot;:&quot;close&quot;,&quot;Delete&quot;:&quot;close&quot;,&quot;Backspace&quot;:&quot;close&quot;,&quot;PageUp&quot;:false,&quot;PageDown&quot;:false,&quot;ArrowUp&quot;:false,&quot;ArrowDown&quot;:false,&quot;ArrowRight&quot;:false,&quot;ArrowLeft&quot;:false},&quot;touch&quot;:false,&quot;backdropClick&quot;:false,&quot;l10n&quot;:{&quot;CLOSE&quot;:&quot;Close&quot;,&quot;NEXT&quot;:&quot;Next&quot;,&quot;PREV&quot;:&quot;Previous&quot;,&quot;Error&quot;:&quot;The requested content cannot be loaded. Please try again later.&quot;,&quot;PLAY_START&quot;:&quot;Start slideshow&quot;,&quot;PLAY_STOP&quot;:&quot;Pause slideshow&quot;,&quot;FULL_SCREEN&quot;:&quot;Full screen&quot;,&quot;THUMBS&quot;:&quot;Thumbnails&quot;,&quot;DOWNLOAD&quot;:&quot;Download&quot;,&quot;SHARE&quot;:&quot;Share&quot;,&quot;ZOOM&quot;:&quot;Zoom&quot;,&quot;EMAIL&quot;:&quot;Here is the link to the image : %%image_link%% and this is the link to the gallery : %%gallery_link%%&quot;,&quot;MODAL&quot;:&quot;You can close this modal content with the ESC key&quot;,&quot;ERROR&quot;:&quot;Something Went Wrong, Please Try Again Later&quot;,&quot;IMAGE_ERROR&quot;:&quot;Image Not Found&quot;,&quot;ELEMENT_NOT_FOUND&quot;:&quot;HTML Element Not Found&quot;,&quot;AJAX_NOT_FOUND&quot;:&quot;Error Loading AJAX : Not Found&quot;,&quot;AJAX_FORBIDDEN&quot;:&quot;Error Loading AJAX : Forbidden&quot;,&quot;IFRAME_ERROR&quot;:&quot;Error Loading Page&quot;,&quot;TOGGLE_ZOOM&quot;:&quot;Toggle zoom level&quot;,&quot;TOGGLE_THUMBS&quot;:&quot;Toggle thumbnails&quot;,&quot;TOGGLE_SLIDESHOW&quot;:&quot;Toggle slideshow&quot;,&quot;TOGGLE_FULLSCREEN&quot;:&quot;Toggle full-screen mode&quot;},&quot;Images&quot;:{&quot;Panzoom&quot;:{&quot;maxScale&quot;:2}},&quot;mainClass&quot;:&quot;modula-fancybox-container modula-lightbox-jtg-3757&quot;,&quot;Html&quot;:{&quot;videoAutoplay&quot;:0,&quot;videoTpl&quot;:&quot;&lt;video class=\\&quot;fancybox__html5video\\&quot; controls muted playsinline controlsList controlsList=\\&quot;nodownload\\&quot; poster=\\&quot;{{poster}}\\&quot; src=\\&quot;{{src}}\\&quot; type=\\&quot;{{format}}\\&quot; &gt;  Sorry, your browser doesn&#039;t support embedded videos, &lt;a href=\\&quot;{{src}}\\&quot;&gt; download &lt;\\\/a&gt; and watch with your favorite video player! &lt;\\\/video&gt;&quot;}},&quot;inView&quot;:false,&quot;email_subject&quot;:&quot;Check out this awesome image !!&quot;,&quot;email_message&quot;:&quot;Here is the link to the image : %%image_link%% and this is the link to the gallery : %%gallery_link%%&quot;,&quot;grid_type&quot;:&quot;automatic&quot;,&quot;rowHeight&quot;:250,&quot;lastRow&quot;:&quot;justify&quot;,&quot;lightbox&quot;:&quot;fancybox&quot;}\">\n\n\t\n\t<div  class=\"modula-items grid-gallery\">\n\t\t<div class=\"modula-item effect-pufrobo\" >\n\t<div class=\"modula-item-overlay\"><\/div>\n\n\t<div class=\"modula-item-content\">\n\n\t\t\t\t\n\t\t\t\t\t<a data-image-id=\"3758\" role=\"button\" tabindex=\"0\" rel=\"jtg-3757\" data-caption=\"\" aria-label=\"Open image in lightbox\" class=\"tile-inner modula-item-link\"><\/a>\n\t\t\n\t\t<img loading=\"lazy\" decoding=\"async\" class=\"pic wp-image-3758\"  data-valign=\"middle\" data-halign=\"center\" alt=\"\" data-full=\"https:\/\/mundocanyon.com\/wp-content\/uploads\/2025\/03\/5222286.jpg\" title=\"_5222286\" width=\"4608\" height=\"3456\" src=\"https:\/\/mundocanyon.com\/wp-content\/uploads\/2025\/03\/5222286.jpg\" data-src=\"https:\/\/mundocanyon.com\/wp-content\/uploads\/2025\/03\/5222286.jpg\" data-caption=\"\" srcset=\"https:\/\/mundocanyon.com\/wp-content\/uploads\/2025\/03\/5222286.jpg 4608w, https:\/\/mundocanyon.com\/wp-content\/uploads\/2025\/03\/5222286-287x215.jpg 287w, https:\/\/mundocanyon.com\/wp-content\/uploads\/2025\/03\/5222286-1024x768.jpg 1024w, https:\/\/mundocanyon.com\/wp-content\/uploads\/2025\/03\/5222286-768x576.jpg 768w, https:\/\/mundocanyon.com\/wp-content\/uploads\/2025\/03\/5222286-1536x1152.jpg 1536w, https:\/\/mundocanyon.com\/wp-content\/uploads\/2025\/03\/5222286-2048x1536.jpg 2048w\" sizes=\"auto, (max-width: 4608px) 100vw, 4608px\" \/>\n\t\t<div class=\"figc no-description\">\n\t\t\t<div class=\"figc-inner\">\n\t\t\t\t\t\t\t\t\t\t\t\t\t\t\t<\/div>\n\t\t<\/div>\n\n\t<\/div>\n\n<\/div><div class=\"modula-item effect-pufrobo\" >\n\t<div class=\"modula-item-overlay\"><\/div>\n\n\t<div class=\"modula-item-content\">\n\n\t\t\t\t\n\t\t\t\t\t<a data-image-id=\"3759\" role=\"button\" tabindex=\"0\" rel=\"jtg-3757\" data-caption=\"\" aria-label=\"Open image in lightbox\" class=\"tile-inner modula-item-link\"><\/a>\n\t\t\n\t\t<img loading=\"lazy\" decoding=\"async\" class=\"pic wp-image-3759\"  data-valign=\"middle\" data-halign=\"center\" alt=\"\" data-full=\"https:\/\/mundocanyon.com\/wp-content\/uploads\/2025\/03\/5222322-1.jpg\" title=\"_5222322\" width=\"4608\" height=\"3456\" src=\"https:\/\/mundocanyon.com\/wp-content\/uploads\/2025\/03\/5222322-1.jpg\" data-src=\"https:\/\/mundocanyon.com\/wp-content\/uploads\/2025\/03\/5222322-1.jpg\" data-caption=\"\" srcset=\"https:\/\/mundocanyon.com\/wp-content\/uploads\/2025\/03\/5222322-1.jpg 4608w, https:\/\/mundocanyon.com\/wp-content\/uploads\/2025\/03\/5222322-1-287x215.jpg 287w, https:\/\/mundocanyon.com\/wp-content\/uploads\/2025\/03\/5222322-1-1024x768.jpg 1024w, https:\/\/mundocanyon.com\/wp-content\/uploads\/2025\/03\/5222322-1-768x576.jpg 768w, https:\/\/mundocanyon.com\/wp-content\/uploads\/2025\/03\/5222322-1-1536x1152.jpg 1536w, https:\/\/mundocanyon.com\/wp-content\/uploads\/2025\/03\/5222322-1-2048x1536.jpg 2048w\" sizes=\"auto, (max-width: 4608px) 100vw, 4608px\" \/>\n\t\t<div class=\"figc no-description\">\n\t\t\t<div class=\"figc-inner\">\n\t\t\t\t\t\t\t\t\t\t\t\t\t\t\t<\/div>\n\t\t<\/div>\n\n\t<\/div>\n\n<\/div><div class=\"modula-item effect-pufrobo\" >\n\t<div class=\"modula-item-overlay\"><\/div>\n\n\t<div class=\"modula-item-content\">\n\n\t\t\t\t\n\t\t\t\t\t<a data-image-id=\"3760\" role=\"button\" tabindex=\"0\" rel=\"jtg-3757\" data-caption=\"\" aria-label=\"Open image in lightbox\" class=\"tile-inner modula-item-link\"><\/a>\n\t\t\n\t\t<img loading=\"lazy\" decoding=\"async\" class=\"pic wp-image-3760\"  data-valign=\"middle\" data-halign=\"center\" alt=\"\" data-full=\"https:\/\/mundocanyon.com\/wp-content\/uploads\/2025\/03\/20240816_142236.jpg\" title=\"20240816_142236\" width=\"4164\" height=\"5496\" src=\"https:\/\/mundocanyon.com\/wp-content\/uploads\/2025\/03\/20240816_142236.jpg\" data-src=\"https:\/\/mundocanyon.com\/wp-content\/uploads\/2025\/03\/20240816_142236.jpg\" data-caption=\"\" srcset=\"https:\/\/mundocanyon.com\/wp-content\/uploads\/2025\/03\/20240816_142236.jpg 4164w, https:\/\/mundocanyon.com\/wp-content\/uploads\/2025\/03\/20240816_142236-163x215.jpg 163w, https:\/\/mundocanyon.com\/wp-content\/uploads\/2025\/03\/20240816_142236-776x1024.jpg 776w, https:\/\/mundocanyon.com\/wp-content\/uploads\/2025\/03\/20240816_142236-768x1014.jpg 768w, https:\/\/mundocanyon.com\/wp-content\/uploads\/2025\/03\/20240816_142236-1164x1536.jpg 1164w, https:\/\/mundocanyon.com\/wp-content\/uploads\/2025\/03\/20240816_142236-1552x2048.jpg 1552w\" sizes=\"auto, (max-width: 4164px) 100vw, 4164px\" \/>\n\t\t<div class=\"figc no-description\">\n\t\t\t<div class=\"figc-inner\">\n\t\t\t\t\t\t\t\t\t\t\t\t\t\t\t<\/div>\n\t\t<\/div>\n\n\t<\/div>\n\n<\/div><div class=\"modula-item effect-pufrobo\" >\n\t<div class=\"modula-item-overlay\"><\/div>\n\n\t<div class=\"modula-item-content\">\n\n\t\t\t\t\n\t\t\t\t\t<a data-image-id=\"3761\" role=\"button\" tabindex=\"0\" rel=\"jtg-3757\" data-caption=\"\" aria-label=\"Open image in lightbox\" class=\"tile-inner modula-item-link\"><\/a>\n\t\t\n\t\t<img loading=\"lazy\" decoding=\"async\" class=\"pic wp-image-3761\"  data-valign=\"middle\" data-halign=\"center\" alt=\"\" data-full=\"https:\/\/mundocanyon.com\/wp-content\/uploads\/2025\/03\/20240816_142813.jpg\" title=\"20240816_142813\" width=\"4164\" height=\"6168\" src=\"https:\/\/mundocanyon.com\/wp-content\/uploads\/2025\/03\/20240816_142813.jpg\" data-src=\"https:\/\/mundocanyon.com\/wp-content\/uploads\/2025\/03\/20240816_142813.jpg\" data-caption=\"\" srcset=\"https:\/\/mundocanyon.com\/wp-content\/uploads\/2025\/03\/20240816_142813.jpg 4164w, https:\/\/mundocanyon.com\/wp-content\/uploads\/2025\/03\/20240816_142813-145x215.jpg 145w, https:\/\/mundocanyon.com\/wp-content\/uploads\/2025\/03\/20240816_142813-691x1024.jpg 691w, https:\/\/mundocanyon.com\/wp-content\/uploads\/2025\/03\/20240816_142813-768x1138.jpg 768w, https:\/\/mundocanyon.com\/wp-content\/uploads\/2025\/03\/20240816_142813-1037x1536.jpg 1037w, https:\/\/mundocanyon.com\/wp-content\/uploads\/2025\/03\/20240816_142813-1383x2048.jpg 1383w\" sizes=\"auto, (max-width: 4164px) 100vw, 4164px\" \/>\n\t\t<div class=\"figc no-description\">\n\t\t\t<div class=\"figc-inner\">\n\t\t\t\t\t\t\t\t\t\t\t\t\t\t\t<\/div>\n\t\t<\/div>\n\n\t<\/div>\n\n<\/div><div class=\"modula-item effect-pufrobo\" >\n\t<div class=\"modula-item-overlay\"><\/div>\n\n\t<div class=\"modula-item-content\">\n\n\t\t\t\t\n\t\t\t\t\t<a data-image-id=\"3762\" role=\"button\" tabindex=\"0\" rel=\"jtg-3757\" data-caption=\"\" aria-label=\"Open image in lightbox\" class=\"tile-inner modula-item-link\"><\/a>\n\t\t\n\t\t<img loading=\"lazy\" decoding=\"async\" class=\"pic wp-image-3762\"  data-valign=\"middle\" data-halign=\"center\" alt=\"\" data-full=\"https:\/\/mundocanyon.com\/wp-content\/uploads\/2025\/03\/20240816_142916.jpg\" title=\"20240816_142916\" width=\"4164\" height=\"6264\" src=\"https:\/\/mundocanyon.com\/wp-content\/uploads\/2025\/03\/20240816_142916.jpg\" data-src=\"https:\/\/mundocanyon.com\/wp-content\/uploads\/2025\/03\/20240816_142916.jpg\" data-caption=\"\" srcset=\"https:\/\/mundocanyon.com\/wp-content\/uploads\/2025\/03\/20240816_142916.jpg 4164w, https:\/\/mundocanyon.com\/wp-content\/uploads\/2025\/03\/20240816_142916-143x215.jpg 143w, https:\/\/mundocanyon.com\/wp-content\/uploads\/2025\/03\/20240816_142916-681x1024.jpg 681w, https:\/\/mundocanyon.com\/wp-content\/uploads\/2025\/03\/20240816_142916-768x1155.jpg 768w, https:\/\/mundocanyon.com\/wp-content\/uploads\/2025\/03\/20240816_142916-1021x1536.jpg 1021w, https:\/\/mundocanyon.com\/wp-content\/uploads\/2025\/03\/20240816_142916-1361x2048.jpg 1361w\" sizes=\"auto, (max-width: 4164px) 100vw, 4164px\" \/>\n\t\t<div class=\"figc no-description\">\n\t\t\t<div class=\"figc-inner\">\n\t\t\t\t\t\t\t\t\t\t\t\t\t\t\t<\/div>\n\t\t<\/div>\n\n\t<\/div>\n\n<\/div><div class=\"modula-item effect-pufrobo\" >\n\t<div class=\"modula-item-overlay\"><\/div>\n\n\t<div class=\"modula-item-content\">\n\n\t\t\t\t\n\t\t\t\t\t<a data-image-id=\"3763\" role=\"button\" tabindex=\"0\" rel=\"jtg-3757\" data-caption=\"\" aria-label=\"Open image in lightbox\" class=\"tile-inner modula-item-link\"><\/a>\n\t\t\n\t\t<img loading=\"lazy\" decoding=\"async\" class=\"pic wp-image-3763\"  data-valign=\"middle\" data-halign=\"center\" alt=\"\" data-full=\"https:\/\/mundocanyon.com\/wp-content\/uploads\/2025\/03\/20240816_144140.jpg\" title=\"20240816_144140\" width=\"2084\" height=\"3312\" src=\"https:\/\/mundocanyon.com\/wp-content\/uploads\/2025\/03\/20240816_144140.jpg\" data-src=\"https:\/\/mundocanyon.com\/wp-content\/uploads\/2025\/03\/20240816_144140.jpg\" data-caption=\"\" srcset=\"https:\/\/mundocanyon.com\/wp-content\/uploads\/2025\/03\/20240816_144140.jpg 2084w, https:\/\/mundocanyon.com\/wp-content\/uploads\/2025\/03\/20240816_144140-135x215.jpg 135w, https:\/\/mundocanyon.com\/wp-content\/uploads\/2025\/03\/20240816_144140-644x1024.jpg 644w, https:\/\/mundocanyon.com\/wp-content\/uploads\/2025\/03\/20240816_144140-768x1221.jpg 768w, https:\/\/mundocanyon.com\/wp-content\/uploads\/2025\/03\/20240816_144140-966x1536.jpg 966w, https:\/\/mundocanyon.com\/wp-content\/uploads\/2025\/03\/20240816_144140-1289x2048.jpg 1289w\" sizes=\"auto, (max-width: 2084px) 100vw, 2084px\" \/>\n\t\t<div class=\"figc no-description\">\n\t\t\t<div class=\"figc-inner\">\n\t\t\t\t\t\t\t\t\t\t\t\t\t\t\t<\/div>\n\t\t<\/div>\n\n\t<\/div>\n\n<\/div><div class=\"modula-item effect-pufrobo\" >\n\t<div class=\"modula-item-overlay\"><\/div>\n\n\t<div class=\"modula-item-content\">\n\n\t\t\t\t\n\t\t\t\t\t<a data-image-id=\"3765\" role=\"button\" tabindex=\"0\" rel=\"jtg-3757\" data-caption=\"\" aria-label=\"Open image in lightbox\" class=\"tile-inner modula-item-link\"><\/a>\n\t\t\n\t\t<img loading=\"lazy\" decoding=\"async\" class=\"pic wp-image-3765\"  data-valign=\"middle\" data-halign=\"center\" alt=\"\" data-full=\"https:\/\/mundocanyon.com\/wp-content\/uploads\/2025\/03\/20240816_155505.jpg\" title=\"20240816_155505\" width=\"1000\" height=\"1600\" src=\"https:\/\/mundocanyon.com\/wp-content\/uploads\/2025\/03\/20240816_155505.jpg\" data-src=\"https:\/\/mundocanyon.com\/wp-content\/uploads\/2025\/03\/20240816_155505.jpg\" data-caption=\"\" srcset=\"https:\/\/mundocanyon.com\/wp-content\/uploads\/2025\/03\/20240816_155505.jpg 1000w, https:\/\/mundocanyon.com\/wp-content\/uploads\/2025\/03\/20240816_155505-134x215.jpg 134w, https:\/\/mundocanyon.com\/wp-content\/uploads\/2025\/03\/20240816_155505-640x1024.jpg 640w, https:\/\/mundocanyon.com\/wp-content\/uploads\/2025\/03\/20240816_155505-768x1229.jpg 768w, https:\/\/mundocanyon.com\/wp-content\/uploads\/2025\/03\/20240816_155505-960x1536.jpg 960w, https:\/\/mundocanyon.com\/wp-content\/uploads\/2025\/03\/20240816_155505-1279x2048.jpg 1279w\" sizes=\"auto, (max-width: 1000px) 100vw, 1000px\" \/>\n\t\t<div class=\"figc no-description\">\n\t\t\t<div class=\"figc-inner\">\n\t\t\t\t\t\t\t\t\t\t\t\t\t\t\t<\/div>\n\t\t<\/div>\n\n\t<\/div>\n\n<\/div>\t\t\n\t<\/div>\n\n\t\n\t\n\t<script type=\"application\/ld+json\">\n\t{\n\t\t\"@context\": \"http:\/\/schema.org\",\n\t\t\"@type\"   : \"ImageGallery\",\n\t\t\"id\"      : \"https:\/\/mundocanyon.com\/cat\/espeleologia-en-catalunya\/sima-forat-dels-diners-3\/\",\n\t\t\"url\"     : \"https:\/\/mundocanyon.com\/cat\/espeleologia-en-catalunya\/sima-forat-dels-diners-3\/\"\n\t}\n\n\t<\/script>\n\n\t\n<\/div>\n\n<p><span style=\"font-weight: 400;\">Prova tamb\u00e9 les nostres activitats de <a href=\"https:\/\/mundocanyon.com\/cat\/barranquismo-pirineos\/\">barranquisme<\/a> i <a href=\"https:\/\/mundocanyon.com\/cat\/via-ferrata-los-pirineos\/\">via ferrada<\/a> amb possibilitat de multiaventura en un dia.\u00a0\u00a0<\/span><\/p>","protected":false},"excerpt":{"rendered":"<p>Sima Forat dels Diners El Forat dels Diners \u00e9s una sima molt interessant situada en un paisatge preci\u00f3s del Pallars Juss\u00e0. Aquesta cavitat ofereix una experi\u00e8ncia \u00fanica d\u2019espeleologia, ideal per a aquells que s\u2019inicien en aquest m\u00f3n. En entrar, et sorprendr\u00e0 un espectacular pou volat, seguit de sales i galeries adornades amb formacions de concrecions [&hellip;]<\/p>\n","protected":false},"author":1,"featured_media":3754,"parent":3692,"menu_order":2,"comment_status":"closed","ping_status":"closed","template":"","meta":{"footnotes":""},"class_list":["post-3750","page","type-page","status-publish","has-post-thumbnail","hentry"],"_links":{"self":[{"href":"https:\/\/mundocanyon.com\/cat\/wp-json\/wp\/v2\/pages\/3750","targetHints":{"allow":["GET"]}}],"collection":[{"href":"https:\/\/mundocanyon.com\/cat\/wp-json\/wp\/v2\/pages"}],"about":[{"href":"https:\/\/mundocanyon.com\/cat\/wp-json\/wp\/v2\/types\/page"}],"author":[{"embeddable":true,"href":"https:\/\/mundocanyon.com\/cat\/wp-json\/wp\/v2\/users\/1"}],"replies":[{"embeddable":true,"href":"https:\/\/mundocanyon.com\/cat\/wp-json\/wp\/v2\/comments?post=3750"}],"version-history":[{"count":3,"href":"https:\/\/mundocanyon.com\/cat\/wp-json\/wp\/v2\/pages\/3750\/revisions"}],"predecessor-version":[{"id":3892,"href":"https:\/\/mundocanyon.com\/cat\/wp-json\/wp\/v2\/pages\/3750\/revisions\/3892"}],"up":[{"embeddable":true,"href":"https:\/\/mundocanyon.com\/cat\/wp-json\/wp\/v2\/pages\/3692"}],"wp:featuredmedia":[{"embeddable":true,"href":"https:\/\/mundocanyon.com\/cat\/wp-json\/wp\/v2\/media\/3754"}],"wp:attachment":[{"href":"https:\/\/mundocanyon.com\/cat\/wp-json\/wp\/v2\/media?parent=3750"}],"curies":[{"name":"wp","href":"https:\/\/api.w.org\/{rel}","templated":true}]}}