{"id":3692,"date":"2025-03-28T23:23:24","date_gmt":"2025-03-28T20:23:24","guid":{"rendered":"https:\/\/mundocanyon.com\/?page_id=3692"},"modified":"2025-06-11T15:57:46","modified_gmt":"2025-06-11T12:57:46","slug":"espeleologia-en-catalunya","status":"publish","type":"page","link":"https:\/\/mundocanyon.com\/cat\/espeleologia-en-catalunya\/","title":{"rendered":"Espeleologia a Catalunya"},"content":{"rendered":"<p><\/p>\n<h1><span style=\"font-weight: 400;\">Espeleologia a Catalunya<\/span><\/h1>\n<p><img loading=\"lazy\" decoding=\"async\" class=\"alignnone wp-image-3700 size-full\" src=\"https:\/\/mundocanyon.com\/wp-content\/uploads\/2025\/03\/dsc05001.jpg\" alt=\"Espeleolog\u00eda en Catalunya, Grallera Mitjana del Corralot\" width=\"5184\" height=\"3888\" srcset=\"https:\/\/mundocanyon.com\/wp-content\/uploads\/2025\/03\/dsc05001.jpg 5184w, https:\/\/mundocanyon.com\/wp-content\/uploads\/2025\/03\/dsc05001-287x215.jpg 287w, https:\/\/mundocanyon.com\/wp-content\/uploads\/2025\/03\/dsc05001-1024x768.jpg 1024w, https:\/\/mundocanyon.com\/wp-content\/uploads\/2025\/03\/dsc05001-768x576.jpg 768w, https:\/\/mundocanyon.com\/wp-content\/uploads\/2025\/03\/dsc05001-1536x1152.jpg 1536w, https:\/\/mundocanyon.com\/wp-content\/uploads\/2025\/03\/dsc05001-2048x1536.jpg 2048w\" sizes=\"auto, (max-width: 5184px) 100vw, 5184px\" \/><\/p>\n<p><span style=\"font-weight: 400;\">L\u2019espeleologia a Catalunya guanya cada dia m\u00e9s seguidors. Sent una de les comunitats aut\u00f2nomes amb m\u00e9s muntanyes de l\u2019Estat, ofereix un gran nombre de coves per visitar \u2014i segurament moltes altres encara per descobrir.<\/span><\/p>\n<p><span style=\"font-weight: 400;\">Estem parlant de <\/span><b>coves quilom\u00e8triques amb cambres desconegudes<\/b><span style=\"font-weight: 400;\">, llacs interiors i formacions geol\u00f2giques que s\u2019han creat amb el pas del temps gr\u00e0cies a la filtraci\u00f3 d\u2019aigua a la roca. Cada cova \u00e9s \u00fanica, amb una composici\u00f3 mineral que varia segons la seva ubicaci\u00f3.<\/span><\/p>\n<h2><span style=\"font-weight: 400;\">Qu\u00e8 \u00e9s l\u2019Espeleologia?<\/span><\/h2>\n<p><span style=\"font-weight: 400;\">L\u2019espeleologia \u00e9s una pr\u00e0ctica que combina <\/span><b>esport i ci\u00e8ncia<\/b><span style=\"font-weight: 400;\">, i consisteix a explorar cavitats subterr\u00e0nies per gaudir de les incre\u00efbles formacions naturals i viure una experi\u00e8ncia \u00fanica sota terra.<\/span><\/p>\n<p><span style=\"font-weight: 400;\">En la seva versi\u00f3 m\u00e9s actual, sempre anir\u00e0s acompanyat per un <\/span><b>guia expert<\/b><span style=\"font-weight: 400;\">, equipat amb tot el material t\u00e8cnic necessari, per garantir una activitat segura i adaptada al teu nivell. Ideal per fer en grup, amb amics o fam\u00edlia.<\/span><\/p>\n<h2><span style=\"font-weight: 400;\">Espeleologia als Pirineus<\/span><\/h2>\n<p><span style=\"font-weight: 400;\">Fer espeleologia als Pirineus \u00e9s, avui dia, una de les experi\u00e8ncies m\u00e9s inoblidables que pots viure. Amb <\/span><b>85 milions d\u2019anys d\u2019hist\u00f2ria geol\u00f2gica<\/b><span style=\"font-weight: 400;\"> i cims de m\u00e9s de <\/span><b>3.000 metres<\/b><span style=\"font-weight: 400;\">, aquesta gran serralada amaga centenars de cavitats naturals.<\/span><\/p>\n<p><span style=\"font-weight: 400;\">Una zona destacada \u00e9s la prov\u00edncia de <\/span><b>Lleida<\/b><span style=\"font-weight: 400;\">, reconeguda com a <\/span><a href=\"https:\/\/www.geoparcorigens.cat\/\"><b>Geoparc Mundial de la UNESCO<\/b><\/a><span style=\"font-weight: 400;\">, fet que demostra el seu gran inter\u00e8s geol\u00f2gic. Moltes coves contenen <\/span><b>pintures rupestres<\/b><span style=\"font-weight: 400;\"> o <\/span><b>f\u00f2ssils mil\u00b7lenaris<\/b><span style=\"font-weight: 400;\">, testimonis del passat del Pirineu i dels seus primers habitants.<\/span><\/p>\n<p><img loading=\"lazy\" decoding=\"async\" class=\"alignnone wp-image-3701 size-full\" src=\"https:\/\/mundocanyon.com\/wp-content\/uploads\/2025\/03\/dscf0006.jpg\" alt=\" Espeleolog\u00eda en Catalunya, Forat la Bou\" width=\"4608\" height=\"3456\" srcset=\"https:\/\/mundocanyon.com\/wp-content\/uploads\/2025\/03\/dscf0006.jpg 4608w, https:\/\/mundocanyon.com\/wp-content\/uploads\/2025\/03\/dscf0006-287x215.jpg 287w, https:\/\/mundocanyon.com\/wp-content\/uploads\/2025\/03\/dscf0006-1024x768.jpg 1024w, https:\/\/mundocanyon.com\/wp-content\/uploads\/2025\/03\/dscf0006-768x576.jpg 768w, https:\/\/mundocanyon.com\/wp-content\/uploads\/2025\/03\/dscf0006-1536x1152.jpg 1536w, https:\/\/mundocanyon.com\/wp-content\/uploads\/2025\/03\/dscf0006-2048x1536.jpg 2048w\" sizes=\"auto, (max-width: 4608px) 100vw, 4608px\" \/><\/p>\n<h2><span style=\"font-weight: 400;\">Coves prop de Barcelona<\/span><\/h2>\n<p><span style=\"font-weight: 400;\">Busques una escapada diferent prop de Barcelona? A nom\u00e9s <\/span><b>dues hores i mitja<\/b><span style=\"font-weight: 400;\"> hi trobar\u00e0s el <\/span><b>Pallars Juss\u00e0<\/b><span style=\"font-weight: 400;\">, una comarca del Prepirineu plena de coves per explorar.<\/span><\/p>\n<p><span style=\"font-weight: 400;\">Hi trobar\u00e0s m\u00faltiples opcions d\u2019allotjament: cases rurals, c\u00e0mpings, apartaments i hotels. Amb m\u00e9s de <\/span><b>1.300 km\u00b2<\/b><span style=\"font-weight: 400;\"> de territori i muntanyes que superen els <\/span><b>2.700 metres d\u2019al\u00e7ada<\/b><span style=\"font-weight: 400;\">, el <\/span><b>Pallars Juss\u00e0<\/b><span style=\"font-weight: 400;\"> \u00e9s un parad\u00eds natural per a l\u2019espeleologia.<\/span><\/p>\n<p><span style=\"font-weight: 400;\">Aix\u00ed que deixa de pensar-hi i <\/span><b>actua<\/b><span style=\"font-weight: 400;\">! Truca\u2019ns, escriu-nos per WhatsApp i deixa\u2019t guiar pels <a href=\"https:\/\/mundocanyon.com\/cat\/\">nostres experts<\/a> cap a les profunditats del Pirineu.<\/span><\/p>\n<h2><span style=\"font-weight: 400;\">Qu\u00e8 necessito per fer espeleologia a Catalunya?<\/span><\/h2>\n<p><span style=\"font-weight: 400;\">Si mai has fet espeleologia, <\/span><b>no t\u2019aventuris sol<\/b><span style=\"font-weight: 400;\"> amb un frontal i poca informaci\u00f3. M\u00e9s que eines, cal coneixement i experi\u00e8ncia per moure\u2019s amb seguretat sota terra.<\/span><\/p>\n<p><span style=\"font-weight: 400;\">Hi ha molts accidents per falta de preparaci\u00f3. Contacta\u2019ns sense comprom\u00eds i t\u2019assessorarem sobre la millor ruta segons els teus interessos, nivell i condici\u00f3 f\u00edsica. Farem que la teva experi\u00e8ncia sigui segura, divertida i a mida.<\/span><\/p>\n<p><img loading=\"lazy\" decoding=\"async\" class=\"alignnone wp-image-3702 size-full\" src=\"https:\/\/mundocanyon.com\/wp-content\/uploads\/2025\/03\/p1016751-copia.jpg\" alt=\"\" width=\"4032\" height=\"2672\" srcset=\"https:\/\/mundocanyon.com\/wp-content\/uploads\/2025\/03\/p1016751-copia.jpg 4032w, https:\/\/mundocanyon.com\/wp-content\/uploads\/2025\/03\/p1016751-copia-324x215.jpg 324w, https:\/\/mundocanyon.com\/wp-content\/uploads\/2025\/03\/p1016751-copia-1024x679.jpg 1024w, https:\/\/mundocanyon.com\/wp-content\/uploads\/2025\/03\/p1016751-copia-768x509.jpg 768w, https:\/\/mundocanyon.com\/wp-content\/uploads\/2025\/03\/p1016751-copia-1536x1018.jpg 1536w, https:\/\/mundocanyon.com\/wp-content\/uploads\/2025\/03\/p1016751-copia-2048x1357.jpg 2048w\" sizes=\"auto, (max-width: 4032px) 100vw, 4032px\" \/><\/p>\n<h2><span style=\"font-weight: 400;\">Espeleologia al Pallars Juss\u00e0<\/span><\/h2>\n<p><span style=\"font-weight: 400;\">Triar el <\/span><b>Pallars Juss\u00e0<\/b><span style=\"font-weight: 400;\"> per fer espeleologia \u00e9s una molt bona decisi\u00f3. A part del seu gran valor geol\u00f2gic, tamb\u00e9 ofereix molta <\/span><b>comoditat i accessibilitat<\/b><span style=\"font-weight: 400;\">.<\/span><\/p>\n<p><span style=\"font-weight: 400;\">Pots combinar l\u2019activitat amb altres propostes d\u2019aventura com el <\/span><a href=\"https:\/\/mundocanyon.com\/cat\/barranquismo-pirineos\/\"><b>barranquisme<\/b><\/a><span style=\"font-weight: 400;\">, una altra experi\u00e8ncia espectacular al Pirineu. A <\/span><b>la Pobla de Segur<\/b><span style=\"font-weight: 400;\">, per exemple, pots fer una activitat al mat\u00ed i una altra a la tarda, ja que tot \u00e9s molt a prop.<\/span><\/p>\n<p><span style=\"font-weight: 400;\">Tamb\u00e9 pots provar una de les dues <\/span><b>vies ferrades<\/b><span style=\"font-weight: 400;\"> de la zona:<\/span><\/p>\n<ul>\n<li style=\"font-weight: 400;\" aria-level=\"1\"><a href=\"https:\/\/mundocanyon.com\/cat\/via-ferrata-los-pirineos\/via-ferrata-de-les-arcades-terradets\/\"><i><span style=\"font-weight: 400;\">Via ferrada Paret de les Arcades<\/span><\/i><\/a><span style=\"font-weight: 400;\">, al congost de Terradets<\/span><\/li>\n<li style=\"font-weight: 400;\" aria-level=\"1\"><a href=\"https:\/\/mundocanyon.com\/cat\/via-ferrata-los-pirineos\/via-ferrata-de-la-pobla-de-segur\/\"><i><span style=\"font-weight: 400;\">Via ferrada Roca Foradada<\/span><\/i><\/a><span style=\"font-weight: 400;\">, a la Pobla de Segur<\/span><\/li>\n<\/ul>\n<p><span style=\"font-weight: 400;\">Pocs llocs reuneixen tantes activitats en un sol entorn natural. Som afortunats de viure envoltats de rius i muntanyes, i ara volem que <\/span><b>tu tamb\u00e9 ho visquis amb nosaltres<\/b><span style=\"font-weight: 400;\">.<\/span><\/p>\n<h2><span style=\"font-weight: 400;\">Explora el Geoparc Or\u00edgens<\/span><\/h2>\n<p><span style=\"font-weight: 400;\">Endinsa\u2019t al fascinant m\u00f3n subterrani del <\/span><b>Geoparc Or\u00edgens<\/b><span style=\"font-weight: 400;\">, situat a la prov\u00edncia de Lleida. Amb els nostres guies especialitzats, gaudir\u00e0s d\u2019una experi\u00e8ncia d\u2019espeleologia plena de meravelles naturals.<\/span><\/p>\n<h3><span style=\"font-weight: 400;\">Qu\u00e8 hi descobrir\u00e0s?<\/span><\/h3>\n<ul>\n<li style=\"font-weight: 400;\" aria-level=\"1\"><b>Formacions geol\u00f2giques impressionants<\/b><span style=\"font-weight: 400;\">: Estalactites, estalagmites i roques amb milers o milions d\u2019anys d\u2019antiguitat.<\/span><\/li>\n<li style=\"font-weight: 400;\" aria-level=\"1\"><b>Paisatges subterranis<\/b><span style=\"font-weight: 400;\">: Galeries, passadissos i cambres que amaguen hist\u00f2ria natural i secrets del subs\u00f2l.<\/span><\/li>\n<li style=\"font-weight: 400;\" aria-level=\"1\"><b>Connexi\u00f3 amb la natura<\/b><span style=\"font-weight: 400;\">: Silenci, pau i bellesa en un dels entorns m\u00e9s espectaculars de Catalunya.<\/span><\/li>\n<\/ul>\n<h2><span style=\"font-weight: 400;\">Per qu\u00e8 escollir-nos?<\/span><\/h2>\n<ul>\n<li style=\"font-weight: 400;\" aria-level=\"1\"><b>Guies locals i experts<\/b><span style=\"font-weight: 400;\">: Coneixen el terreny i t\u2019explicaran tot sobre la geologia i hist\u00f2ria del Geoparc.<\/span><\/li>\n<li style=\"font-weight: 400;\" aria-level=\"1\"><b>Rutes per a tots els nivells<\/b><span style=\"font-weight: 400;\">: Tant si ets principiant com si tens experi\u00e8ncia, tenim opcions per a tu.<\/span><\/li>\n<li style=\"font-weight: 400;\" aria-level=\"1\"><b>Seguretat garantida<\/b><span style=\"font-weight: 400;\">: Et proporcionem tot el material necessari per fer l\u2019activitat amb comoditat i seguretat.<\/span><\/li>\n<\/ul>\n<p><b>Reserva ara la teva aventura d\u2019espeleologia al Geoparc Or\u00edgens<\/b><span style=\"font-weight: 400;\"> i descobreix un m\u00f3n subterrani que pocs tenen el privilegi de con\u00e8ixer.<\/span><\/p>\n<p><span style=\"font-weight: 400;\">I si ja coneixes aquest parc, prepara\u2019t per explorar tamb\u00e9 el <\/span><b>Pirineu franc\u00e8s o el d\u2019Osca<\/b><span style=\"font-weight: 400;\">!<\/span><\/p>","protected":false},"excerpt":{"rendered":"<p>Espeleologia a Catalunya L\u2019espeleologia a Catalunya guanya cada dia m\u00e9s seguidors. Sent una de les comunitats aut\u00f2nomes amb m\u00e9s muntanyes de l\u2019Estat, ofereix un gran nombre de coves per visitar \u2014i segurament moltes altres encara per descobrir. Estem parlant de coves quilom\u00e8triques amb cambres desconegudes, llacs interiors i formacions geol\u00f2giques que s\u2019han creat amb el [&hellip;]<\/p>\n","protected":false},"author":1,"featured_media":3698,"parent":0,"menu_order":0,"comment_status":"closed","ping_status":"closed","template":"","meta":{"footnotes":""},"class_list":["post-3692","page","type-page","status-publish","has-post-thumbnail","hentry"],"_links":{"self":[{"href":"https:\/\/mundocanyon.com\/cat\/wp-json\/wp\/v2\/pages\/3692","targetHints":{"allow":["GET"]}}],"collection":[{"href":"https:\/\/mundocanyon.com\/cat\/wp-json\/wp\/v2\/pages"}],"about":[{"href":"https:\/\/mundocanyon.com\/cat\/wp-json\/wp\/v2\/types\/page"}],"author":[{"embeddable":true,"href":"https:\/\/mundocanyon.com\/cat\/wp-json\/wp\/v2\/users\/1"}],"replies":[{"embeddable":true,"href":"https:\/\/mundocanyon.com\/cat\/wp-json\/wp\/v2\/comments?post=3692"}],"version-history":[{"count":2,"href":"https:\/\/mundocanyon.com\/cat\/wp-json\/wp\/v2\/pages\/3692\/revisions"}],"predecessor-version":[{"id":3887,"href":"https:\/\/mundocanyon.com\/cat\/wp-json\/wp\/v2\/pages\/3692\/revisions\/3887"}],"wp:featuredmedia":[{"embeddable":true,"href":"https:\/\/mundocanyon.com\/cat\/wp-json\/wp\/v2\/media\/3698"}],"wp:attachment":[{"href":"https:\/\/mundocanyon.com\/cat\/wp-json\/wp\/v2\/media?parent=3692"}],"curies":[{"name":"wp","href":"https:\/\/api.w.org\/{rel}","templated":true}]}}