{"id":361,"date":"2022-01-11T12:39:24","date_gmt":"2022-01-11T09:39:24","guid":{"rendered":"https:\/\/mundocanyon.com\/?page_id=361"},"modified":"2026-04-22T11:50:37","modified_gmt":"2026-04-22T08:50:37","slug":"medio","status":"publish","type":"page","link":"https:\/\/mundocanyon.com\/cat\/barranquismo-pirineos\/medio\/","title":{"rendered":"Barranquisme de nivell mitj\u00e0"},"content":{"rendered":"<p><\/p>\n<h1><span style=\"font-weight: 400;\"><img loading=\"lazy\" decoding=\"async\" class=\"alignnone wp-image-1099\" src=\"https:\/\/mundocanyon.com\/wp-content\/uploads\/2022\/03\/uroven2.png\" alt=\"\" width=\"35\" height=\"27\" \/> <\/span><strong data-start=\"2215\" data-end=\"2247\">Barranquisme de nivell mitj\u00e0<\/strong><\/h1>\n<p data-start=\"2249\" data-end=\"2472\">El barranquisme de nivell mitj\u00e0 a la nostra zona, a m\u00e9s de ser espectacular, compleix molts requisits que ens permeten classificar els barrancs en diferents grups. Aqu\u00ed et recomanem aquests com el seg\u00fcent pas de l\u2019aventura.<\/p>\n<p data-start=\"2474\" data-end=\"2546\">Un cop finalitzat el per\u00edode d\u2019iniciaci\u00f3, podr\u00e0s passar al nivell mitj\u00e0.<\/p>\n<p data-start=\"2548\" data-end=\"2890\">Al barranquisme de nivell mitj\u00e0 trobar\u00e0s m\u00e9s obstacles dins del barranc, on l\u2019al\u00e7ada i el cabal s\u00f3n m\u00e9s importants, aix\u00ed com la longitud d\u2019aproximaci\u00f3, recorregut i retorn. Tot i aix\u00f2, aquest \u00faltim pot ser relatiu, ja que en alguns barrancs de nivell mitj\u00e0 es poden combinar vehicles per evitar llargues caminades abans o despr\u00e9s del descens.<\/p>\n<h2 data-start=\"2892\" data-end=\"2955\"><strong data-start=\"2892\" data-end=\"2955\">Puc comen\u00e7ar pel nivell mitj\u00e0 sense passar pel d\u2019iniciaci\u00f3?<\/strong><\/h2>\n<p data-start=\"2957\" data-end=\"3092\">\u00c9s una pregunta molt habitual. Creiem que hi ha dos punts importants que hem de tenir en compte abans d\u2019iniciar-nos en el nivell mitj\u00e0:<\/p>\n<ul data-start=\"3094\" data-end=\"3616\">\n<li data-start=\"3094\" data-end=\"3341\">\n<p data-start=\"3096\" data-end=\"3341\">Hem de valorar les nostres capacitats f\u00edsiques i mentals per realitzar qualsevol activitat d\u2019aventura. Si creus que no est\u00e0s preparat, ser\u00e0 millor experi\u00e8ncia comen\u00e7ar pel nivell inicial, aix\u00ed garantir\u00e0s una jornada segura i sense complicacions.<\/p>\n<\/li>\n<li data-start=\"3343\" data-end=\"3616\">\n<p data-start=\"3345\" data-end=\"3616\">L\u2019altra q\u00fcesti\u00f3 \u00e9s l\u2019\u00e8poca de l\u2019any i el cabal d\u2019aigua. Per exemple, un barranc d\u2019iniciaci\u00f3 amb un cabal alt podria catalogar-se en aquell moment com a nivell mitj\u00e0. Tamb\u00e9 la temperatura de l\u2019aigua varia diversos graus des de principis de primavera fins a finals d\u2019estiu.<\/p>\n<\/li>\n<\/ul>\n<h2 data-start=\"3618\" data-end=\"3691\"><strong data-start=\"3618\" data-end=\"3691\">Quina difer\u00e8ncia hi ha entre el nivell d\u2019iniciaci\u00f3 i el nivell mitj\u00e0?<\/strong><\/h2>\n<p data-start=\"3693\" data-end=\"4014\">Els barrancs es mesuren per la seva longitud, desnivell i nombre o proximitat d\u2019escapaments. Als barrancs de nivell mitj\u00e0, el desnivell i la longitud augmenten, per la qual cosa el rendiment f\u00edsic i l\u2019exig\u00e8ncia tamb\u00e9 s\u00f3n majors. En canvi, el nombre d\u2019escapaments disminueix o pot arribar a ser nul en segons quines zones.<\/p>\n<p data-start=\"4016\" data-end=\"4390\">Per tant, al nivell d\u2019iniciaci\u00f3, el desnivell i la longitud s\u00f3n molt assequibles per a tots els p\u00fablics i solen tenir nombroses sortides d\u2019emerg\u00e8ncia. Al nivell mitj\u00e0 cal tenir una forma f\u00edsica m\u00ednima per caminar i resistir tot el recorregut i les seves exig\u00e8ncies, encara que una persona \u00e0gil i acostumada a caminar podria realitzar tot l\u2019itinerari sense dificultat f\u00edsica.<\/p>\n<p><\/p>","protected":false},"excerpt":{"rendered":"<p>Barranquisme de nivell mitj\u00e0 El barranquisme de nivell mitj\u00e0 a la nostra zona, a m\u00e9s de ser espectacular, compleix molts requisits que ens permeten classificar els barrancs en diferents grups. Aqu\u00ed et recomanem aquests com el seg\u00fcent pas de l\u2019aventura. Un cop finalitzat el per\u00edode d\u2019iniciaci\u00f3, podr\u00e0s passar al nivell mitj\u00e0. Al barranquisme de nivell [&hellip;]<\/p>\n","protected":false},"author":1,"featured_media":4064,"parent":288,"menu_order":2,"comment_status":"closed","ping_status":"closed","template":"","meta":{"footnotes":""},"class_list":["post-361","page","type-page","status-publish","has-post-thumbnail","hentry"],"_links":{"self":[{"href":"https:\/\/mundocanyon.com\/cat\/wp-json\/wp\/v2\/pages\/361","targetHints":{"allow":["GET"]}}],"collection":[{"href":"https:\/\/mundocanyon.com\/cat\/wp-json\/wp\/v2\/pages"}],"about":[{"href":"https:\/\/mundocanyon.com\/cat\/wp-json\/wp\/v2\/types\/page"}],"author":[{"embeddable":true,"href":"https:\/\/mundocanyon.com\/cat\/wp-json\/wp\/v2\/users\/1"}],"replies":[{"embeddable":true,"href":"https:\/\/mundocanyon.com\/cat\/wp-json\/wp\/v2\/comments?post=361"}],"version-history":[{"count":9,"href":"https:\/\/mundocanyon.com\/cat\/wp-json\/wp\/v2\/pages\/361\/revisions"}],"predecessor-version":[{"id":3857,"href":"https:\/\/mundocanyon.com\/cat\/wp-json\/wp\/v2\/pages\/361\/revisions\/3857"}],"up":[{"embeddable":true,"href":"https:\/\/mundocanyon.com\/cat\/wp-json\/wp\/v2\/pages\/288"}],"wp:featuredmedia":[{"embeddable":true,"href":"https:\/\/mundocanyon.com\/cat\/wp-json\/wp\/v2\/media\/4064"}],"wp:attachment":[{"href":"https:\/\/mundocanyon.com\/cat\/wp-json\/wp\/v2\/media?parent=361"}],"curies":[{"name":"wp","href":"https:\/\/api.w.org\/{rel}","templated":true}]}}