{"id":3155,"date":"2024-04-30T19:27:47","date_gmt":"2024-04-30T16:27:47","guid":{"rendered":"https:\/\/mundocanyon.com\/?page_id=3155"},"modified":"2025-06-10T21:57:27","modified_gmt":"2025-06-10T18:57:27","slug":"barranco-de-perles","status":"publish","type":"page","link":"https:\/\/mundocanyon.com\/cat\/barranquismo-pirineos\/iniciacion\/barranco-de-perles\/","title":{"rendered":"Barranc de Sant Pon\u00e7 o Perles: F\u00edgols i Aliny\u00e0"},"content":{"rendered":"<p><\/p>\n<h1><strong>Barranc de Sant Pon\u00e7 o Perles: F\u00edgols i Aliny\u00e0<\/strong><\/h1>\n<p><span style=\"font-weight: 400;\">Per fer el barranc de Sant Pon\u00e7 o Perles, a F\u00edgols i Aliny\u00e0, posa&#8217;t en contacte amb nosaltres. Potser \u00e9s el millor barranc d\u2019iniciaci\u00f3 que pots fer a la comarca de l\u2019Alt Urgell, tamb\u00e9 proper al municipi de Coll de Narg\u00f3.<\/span><\/p>\n<p><span style=\"font-weight: 400;\">Si vols fer barranquisme a prop d\u2019Organy\u00e0 o Coll de Narg\u00f3, tens el barranc de Perles just al costat. \u00c9s un barranc ben format, de roca calc\u00e0ria, amb un recorregut curt, senzill i divertit, amb un gran regal al final.<\/span><\/p>\n<p><span style=\"font-weight: 400;\">El barranc de Perles, que pertany al municipi de F\u00edgols i Aliny\u00e0, comen\u00e7a just sota d\u2019un pont, que d\u00f3na acc\u00e9s a un t\u00fanel. L\u2019entorn ja enamora, envoltat de grans parets on es practica l\u2019escalada.<\/span><\/p>\n<p><span style=\"font-weight: 400;\">Per comen\u00e7ar, has de caminar nom\u00e9s uns 5 minuts i ja estar\u00e0s sota del pont. El cotxe es deixa en un petit espai habilitat a la carretera, abans d\u2019arribar al pont o entrar al t\u00fanel en direcci\u00f3 a Aliny\u00e0.<\/span><\/p>\n<p><span style=\"font-weight: 400;\">El primer que trobar\u00e0s per entrar al barranc, el primer pas, \u00e9s un bonic tobogan d\u2019uns tres metres que desemboca en una bassa. Tamb\u00e9 es pot saltar o rapelar, segons prefer\u00e8ncia. La bassa \u00e9s bastant profunda per\u00f2 estreta.<\/span><\/p>\n<p><span style=\"font-weight: 400;\">Despr\u00e9s cal progressar, destrepant i fent petits r\u00e0pels d\u2019uns 2 a 4 metres aproximadament, fins arribar a la joia del barranc, almenys per a mi: un r\u00e0pel totalment vertical de 17 metres al mateix riu Perles.<\/span><\/p>\n<h5><img loading=\"lazy\" decoding=\"async\" class=\"alignnone wp-image-1058\" src=\"https:\/\/mundocanyon.com\/wp-content\/uploads\/2022\/03\/uroven1-1.png\" alt=\"\" width=\"35\" height=\"27\" \/> <b>Nivell de dificultat<\/b><\/h5>\n<p><span style=\"font-weight: 400;\">Iniciaci\u00f3.<\/span><\/p>\n<h5><b><img loading=\"lazy\" decoding=\"async\" class=\"alignnone wp-image-1045\" src=\"https:\/\/mundocanyon.com\/wp-content\/uploads\/2022\/03\/ficha-tecnica1.png\" alt=\"\" width=\"35\" height=\"35\" \/> <\/b><b>Fitxa t\u00e8cnica<\/b><\/h5>\n<ul>\n<li style=\"font-weight: 400;\" aria-level=\"1\"><span style=\"font-weight: 400;\">Aproximaci\u00f3: 30 min<\/span><\/li>\n<li style=\"font-weight: 400;\" aria-level=\"1\"><span style=\"font-weight: 400;\">Descens: 2 h<\/span><\/li>\n<li style=\"font-weight: 400;\" aria-level=\"1\"><span style=\"font-weight: 400;\">Retorn: 10 min<\/span><\/li>\n<\/ul>\n<p><span style=\"font-weight: 400;\">Aquests temps s\u00f3n orientatius i depenen del nivell i nombre de participants. Cal afegir tamb\u00e9 el temps del briefing, vestir-se i canviar-se, amb la qual cosa l\u2019activitat total durar\u00e0 aproximadament unes <\/span><b>4 hores<\/b><span style=\"font-weight: 400;\">.<\/span><\/p>\n<h5><b><img loading=\"lazy\" decoding=\"async\" class=\"alignnone wp-image-1048\" src=\"https:\/\/mundocanyon.com\/wp-content\/uploads\/2022\/03\/galochka1.png\" alt=\"\" width=\"35\" height=\"35\" \/> <\/b><b>L\u2019activitat inclou<\/b><\/h5>\n<ul>\n<li style=\"font-weight: 400;\" aria-level=\"1\"><span style=\"font-weight: 400;\">Guia t\u00e8cnic esportiu en descens de barrancs<\/span><\/li>\n<li style=\"font-weight: 400;\" aria-level=\"1\"><span style=\"font-weight: 400;\">Material: neopr\u00e8, arn\u00e8s, casc, escarpins<\/span><\/li>\n<li style=\"font-weight: 400;\" aria-level=\"1\"><span style=\"font-weight: 400;\">Assegurances de responsabilitat civil i accidents<\/span><\/li>\n<\/ul>\n<p><span style=\"font-weight: 400;\">\u00c9s imprescindible portar sabatilles esportives o botes de muntanya, banyador i tovallola. Es recomana portar roba de recanvi al cotxe.<\/span><\/p>\n<h5><b><img loading=\"lazy\" decoding=\"async\" class=\"alignnone wp-image-1049\" src=\"https:\/\/mundocanyon.com\/wp-content\/uploads\/2022\/03\/evro1.png\" alt=\"\" width=\"35\" height=\"35\" \/> <\/b><b>Preus<\/b><\/h5>\n<ul>\n<li style=\"font-weight: 400;\" aria-level=\"1\"><span style=\"font-weight: 400;\">Grup fins a 8 persones: 45 \u20ac per persona<\/span><\/li>\n<li style=\"font-weight: 400;\" aria-level=\"1\"><span style=\"font-weight: 400;\">Grup de m\u00e9s de 8 persones: 40 \u20ac per persona<\/span><span style=\"font-weight: 400;\"><br \/>\n<\/span><\/li>\n<\/ul>\n<h5><img loading=\"lazy\" decoding=\"async\" class=\"alignnone wp-image-1057\" src=\"https:\/\/mundocanyon.com\/wp-content\/uploads\/2022\/03\/lokacziya_50-1.png\" alt=\"\" width=\"26\" height=\"35\" \/> <b>Localitzaci\u00f3:<\/b><\/h5>\n<p><span style=\"font-weight: 400;\">Fes clic <a href=\"https:\/\/www.google.com\/maps\/place\/25794+Perles,+%D0%9B%D0%B5%D0%B9%D0%B4%D0%B0\/@42.1634117,1.3137746,13.5z\/data=!4m9!1m2!2m1!1sparranco+perles!3m5!1s0x12a5c310738dbf8b:0x9f9fd37b1e2b227c!8m2!3d42.1779216!4d1.3938872!15sCg9wYXJyYW5jbyBwZXJsZXOSAQhsb2NhbGl0eQ\">aqu\u00ed<\/a> per veure la localitzaci\u00f3<\/span><\/p>","protected":false},"excerpt":{"rendered":"<p>Barranc de Sant Pon\u00e7 o Perles: F\u00edgols i Aliny\u00e0 Per fer el barranc de Sant Pon\u00e7 o Perles, a F\u00edgols i Aliny\u00e0, posa&#8217;t en contacte amb nosaltres. Potser \u00e9s el millor barranc d\u2019iniciaci\u00f3 que pots fer a la comarca de l\u2019Alt Urgell, tamb\u00e9 proper al municipi de Coll de Narg\u00f3. Si vols fer barranquisme a [&hellip;]<\/p>\n","protected":false},"author":1,"featured_media":1930,"parent":318,"menu_order":0,"comment_status":"closed","ping_status":"closed","template":"","meta":{"footnotes":""},"class_list":["post-3155","page","type-page","status-publish","has-post-thumbnail","hentry"],"_links":{"self":[{"href":"https:\/\/mundocanyon.com\/cat\/wp-json\/wp\/v2\/pages\/3155","targetHints":{"allow":["GET"]}}],"collection":[{"href":"https:\/\/mundocanyon.com\/cat\/wp-json\/wp\/v2\/pages"}],"about":[{"href":"https:\/\/mundocanyon.com\/cat\/wp-json\/wp\/v2\/types\/page"}],"author":[{"embeddable":true,"href":"https:\/\/mundocanyon.com\/cat\/wp-json\/wp\/v2\/users\/1"}],"replies":[{"embeddable":true,"href":"https:\/\/mundocanyon.com\/cat\/wp-json\/wp\/v2\/comments?post=3155"}],"version-history":[{"count":1,"href":"https:\/\/mundocanyon.com\/cat\/wp-json\/wp\/v2\/pages\/3155\/revisions"}],"predecessor-version":[{"id":3852,"href":"https:\/\/mundocanyon.com\/cat\/wp-json\/wp\/v2\/pages\/3155\/revisions\/3852"}],"up":[{"embeddable":true,"href":"https:\/\/mundocanyon.com\/cat\/wp-json\/wp\/v2\/pages\/318"}],"wp:featuredmedia":[{"embeddable":true,"href":"https:\/\/mundocanyon.com\/cat\/wp-json\/wp\/v2\/media\/1930"}],"wp:attachment":[{"href":"https:\/\/mundocanyon.com\/cat\/wp-json\/wp\/v2\/media?parent=3155"}],"curies":[{"name":"wp","href":"https:\/\/api.w.org\/{rel}","templated":true}]}}