{"id":288,"date":"2022-01-09T00:07:47","date_gmt":"2022-01-08T21:07:47","guid":{"rendered":"https:\/\/mundocanyon.com\/?page_id=288"},"modified":"2025-06-10T20:04:17","modified_gmt":"2025-06-10T17:04:17","slug":"barranquismo-pirineos","status":"publish","type":"page","link":"https:\/\/mundocanyon.com\/cat\/barranquismo-pirineos\/","title":{"rendered":"Barranquisme als Pirineus"},"content":{"rendered":"<p><\/p>\n<h1>Barranquisme als Pirineus<\/h1>\n<p><span style=\"font-weight: 400;\">Barranquisme, descens de barrancs o canyoning \u00e9s l&#8217;esport de moda als Pirineus Catalans, ideal per a totes aquelles persones que volen viure una experi\u00e8ncia inoblidable o millorar l&#8217;anterior.<\/span><\/p>\n<p><span style=\"font-weight: 400;\">Les activitats de barrancs s\u00f3n aptes per a tots els p\u00fablics, permeten passar temps gaudint de la natura i provar els teus l\u00edmits, superar les teves pors i sentir una aut\u00e8ntica vida plena. Practicar esport, con\u00e8ixer gent nova o gaudir-ho amb els teus, regala aquesta experi\u00e8ncia!<\/span><\/p>\n<h2>Fer barranquisme als Pirineus<\/h2>\n<p>El barranquismo en los Pirineos Catalanes y Aragoneses, es una soluci\u00f3n perfecta para venir en primavera y verano, aprovechando los caudales altos por lluvias y deshielo, acompa\u00f1ados de buenas temperaturas, que hace de este deporte, algo super divertido y adrenal\u00ednico. Le invitamos a hacer diferentes descensos de barrancos en los Pirineos con su pareja, amigos o familia, podr\u00e1s regalarte o regalar, un fabuloso d\u00eda rodeado de naturaleza en estado puro, respirando vida en el ambiente, acompa\u00f1ados de los mejores gu\u00edas de barrancos.<br \/>\nNuestras actividades de barranquismo en los Pirineos, nos ofrecen much\u00edsimas opciones, podr\u00e1s elegir en una lista infinita de barrancos, apenas situados a poca distancia uno de otros.<\/p>\n<p><span style=\"font-weight: 400;\">El barranquisme als Pirineus Catalans i Aragonesos \u00e9s l\u2019opci\u00f3 perfecta per venir a la primavera i a l&#8217;estiu, aprofitant els cabals alts per les pluges i el desgla\u00e7, acompanyats de bones temperatures, que fan d&#8217;aquest esport una experi\u00e8ncia superdivertida i <\/span><span style=\"font-weight: 400;\">adrenal\u00ednica<\/span><span style=\"font-weight: 400;\">. Us convidem a fer diferents descensos de barrancs als Pirineus amb la vostra parella, amics o fam\u00edlia. Podeu regalar-vos, o regalar, un fabul\u00f3s dia envoltats de natura en estat pur, respirant vida en l&#8217;ambient, acompanyats dels millors guies de barrancs.<\/span><\/p>\n<p><span style=\"font-weight: 400;\">Les nostres activitats de barranquisme als Pirineus ofereixen moltes opcions. Podreu triar d\u2019una llista infinita de barrancs, situats a poca dist\u00e0ncia els uns dels altres.<\/span><\/p>\n<h2>Fer barranquisme a Catalunya<\/h2>\n<p><span style=\"font-weight: 400;\">Vols fer barranquisme a Catalunya? Per a nosaltres, la Pobla de Segur \u00e9s la capital del barranquisme a Catalunya. Et convidem a descobrir la nostra preciosa zona, amb nombrosos descensos per a tots els nivells. Gr\u00e0cies a la nostra ubicaci\u00f3, podem gaudir dels molts barrancs que envolten el nostre poble.\u00a0<\/span><\/p>\n<p><span style=\"font-weight: 400;\">El descens de barrancs a Catalunya et regalar\u00e0 una experi\u00e8ncia inoblidable i ganes de con\u00e8ixer tots els racons m\u00e0gics de la nostra terra. Oferim descensos de barrancs a Lleida, una zona id\u00f2nia del Pirineu Catal\u00e0 per a la pr\u00e0ctica d\u2019aquest esport.<\/span><\/p>\n<h2>Fer Barranquisme a Lleida<\/h2>\n<p>El barranquisme a Lleida \u00e9s ideal, ja que \u00e9s la millor prov\u00edncia catalana per practicar el barranquisme, no nom\u00e9s per les difer\u00e8ncies de caracter\u00edstiques i nombre de barrancs que posseeix, tamb\u00e9 per la proximitat entre ells i el f\u00e0cil acc\u00e9s, dedicant el m\u00e0xim temps al descens del barranc.<\/p>\n<h2>Barranquisme a Sierra de Guara<\/h2>\n<p><span style=\"font-weight: 400;\">El barranquisme a la Serra de Guara \u00e9s un pla ideal per passar un dia en plena natura i gaudir dels paisatges meravellosos. El descens de barrancs \u00e9s una activitat a l&#8217;aire lliure per a tothom, independentment de l&#8217;edat o nivell de preparaci\u00f3. Oferim un ampli ventall de barrancs perqu\u00e8 cadasc\u00fa pugui triar el que millor li conv\u00e9.<\/span><\/p>\n<h3><img loading=\"lazy\" decoding=\"async\" class=\"alignnone wp-image-2096\" src=\"https:\/\/mundocanyon.com\/wp-content\/uploads\/2022\/07\/pregunta-216x215.png\" alt=\"Hacer Barranquismo en Lleida\" width=\"50\" height=\"50\" srcset=\"https:\/\/mundocanyon.com\/wp-content\/uploads\/2022\/07\/pregunta-216x215.png 216w, https:\/\/mundocanyon.com\/wp-content\/uploads\/2022\/07\/pregunta-150x150.png 150w, https:\/\/mundocanyon.com\/wp-content\/uploads\/2022\/07\/pregunta.png 397w\" sizes=\"auto, (max-width: 50px) 100vw, 50px\" \/> Preguntes freq\u00fcents<\/h3>\n<h4>Qu\u00e8 \u00e9s el barranquisme?<\/h4>\n<p><span style=\"font-weight: 400;\">El barranquisme \u00e9s un esport aqu\u00e0tic que consisteix en el descens de barrancs. Es realitza a peu i nedant, en alguna ocasi\u00f3 caldr\u00e0 desgrimpar, si \u00e9s possible saltarem a l&#8217;aigua des de diferents altures o b\u00e9 utilitzarem t\u00e8cniques de r\u00e0pel. Tamb\u00e9 lliscarem per divertits tobogans, alhora que ens endinsem a la zona m\u00e9s estreta del riu.<\/span><\/p>\n<h4>Com es fa el barranquisme?<\/h4>\n<p><span style=\"font-weight: 400;\">Primer de tot es necessita tenir tot el material espec\u00edfic, com en qualsevol altre esport. Una vegada equipats, localitzarem el lloc on volem practicar-lo, que reuneixi les condicions \u00f2ptimes. Ens informarem correctament de l&#8217;itinerari i de tots els seus passos. Finalment, ens queda la part m\u00e9s t\u00e8cnica, que consisteix a realitzar el descens amb seguretat.<\/span><\/p>\n<h4>A quina edat es pot fer barranquisme?<\/h4>\n<p><span style=\"font-weight: 400;\">No existeix una edat concreta, sin\u00f3 una actitud adequada. El recomanat \u00e9s a partir dels 8 anys.<\/span><\/p>\n<h4>\u00c9s dif\u00edcil el barranquisme?<\/h4>\n<p><span style=\"font-weight: 400;\">El barranquisme no \u00e9s dif\u00edcil, simplement cal escollir el barranc en funci\u00f3 de les teves capacitats f\u00edsiques i nivell de preparaci\u00f3. El barranquisme es considera un esport per a totes les edats, a partir dels 8 anys. Si despr\u00e9s de fer un barranc voleu augmentar el nivell de dificultat, no hi ha cap problema, per\u00f2 cal anar a poc a poc, comen\u00e7ant pels <a href=\"https:\/\/mundocanyon.com\/cat\/barranquismo-pirineos\/iniciacion\/\">barrancs d&#8217;iniciaci\u00f3<\/a> i seguint les indicacions del nostre guia, aix\u00ed el descens es realitzar\u00e0 amb m\u00e9s facilitat i seguretat.<\/span><\/p>\n<h4>\u00c9s perill\u00f3s el barranquisme?<\/h4>\n<p><span style=\"font-weight: 400;\">Com en tots els esports d&#8217;aventura i de risc, hi ha un percentatge de perillositat. Per reduir els riscos, ja que sempre existeixen, \u00e9s imprescindible complir amb certes normes de seguretat. Saber triar quin barranc i avaluar les condicions en qu\u00e8 es troba ens garanteix una disminuci\u00f3 del perill. <\/span><span style=\"font-weight: 400;\">Per aix\u00f2 \u00e9s tan important dur a terme l&#8217;activitat acompanyat d&#8217;un <a href=\"https:\/\/mundocanyon.com\/cat\/sobre-nosotros\/\">guia titulat<\/a>.<\/span><\/p>\n<h4>Quin tipus de sabatilles s&#8217;utilitzen per a barranquisme?<\/h4>\n<p><span style=\"font-weight: 400;\">Hi ha botes espec\u00edfiques per al descens de barrancs, per\u00f2 si no les tenim, la millor opci\u00f3 \u00e9s utilitzar botes de trekking amb sola adherent, que ofereixen suport per al turmell, o vambes de running, que s\u00f3n c\u00f2modes, esportives i solen tenir una sola bastant adherent.<\/span><\/p>\n<h4>I si tinc vertigen?<\/h4>\n<p><span style=\"font-weight: 400;\">La nostra experi\u00e8ncia demostra que fins i tot les persones amb vertigen i por a les altures poden fer barranquisme i passar-s&#8217;ho b\u00e9. Tot dep\u00e8n de l&#8217;actitud i experi\u00e8ncia del guia i, \u00f2bviament, del barranc. A Mundocanyon us oferim barrancs segons les vostres prefer\u00e8ncies, per\u00f2 \u00e9s important que sigueu sincers amb nosaltres i ens comenteu amb antelaci\u00f3 les vostres pors o possibles problemes de salut.<\/span><\/p>\n<h4>I si no vull fer salts?<\/h4>\n<p><span style=\"font-weight: 400;\">En la majoria dels barrancs, els salts a l&#8217;aigua no s\u00f3n obligatoris, \u00e9s a dir, es pot realitzar el descens utilitzant altres m\u00e8todes com ara el r\u00e0pel. En alguns descensos fins i tot es pot seguir pel marge del barranc per evitar les zones m\u00e9s exposades. Per tant, es recomana parlar-ne amb el vostre guia abans de triar un barranc.<\/span><\/p>\n<h4>I si no estic en molt bona forma f\u00edsica?<\/h4>\n<p><span style=\"font-weight: 400;\">No es preocupi, contacti amb nosaltres i l&#8217;ajudarem a triar un barranc que no requereixi un alt nivell esportiu, tot i que \u00e9s ideal tenir una condici\u00f3 m\u00ednima. Vull dir, hem de ser persones que caminem regularment, acostumades a caminar per terreny irregular o, com a m\u00ednim, assumir aquesta responsabilitat per poder superar-se.<\/span><\/p>\n<h4>I si no es nedar?<\/h4>\n<p><span style=\"font-weight: 400;\">Com a norma general, saber nedar \u00e9s un requisit obligatori per practicar barranquisme, per\u00f2 no en tots els descensos trobem tolls profunds, de manera que el nivell de l&#8217;aigua pot arribar fins als genolls o a la cintura, i si no \u00e9s aix\u00ed, es prenen precaucions per a aquests casos. El m\u00e9s important \u00e9s informar-ne al guia.<\/span><\/p>\n<h4>Nota important<\/h4>\n<p>En el cas de tenir alguna complicaci\u00f3 f\u00edsica o trastorn, us heu d&#8217;anunciar al guia o empresa des del primer moment, si sou asm\u00e0tics o necessiteu algun medicament, heu de donar-lo al guia perqu\u00e8 el porti en el cas que sigui necessari durant l&#8217;activitat, no oblidis que ets el total responsable si passa alguna cosa per no comunicar-ho per avan\u00e7at, a m\u00e9s en aquell mateix instant queda anul\u00b7lada l&#8217;activitat per seguretat.<\/p>\n<p><em>Tens m\u00e9s preguntes? Contacta amb nosaltres per solucionar tots els teus dubtes:<\/em><\/p>\n<h5><span style=\"font-weight: 400;\"><img loading=\"lazy\" decoding=\"async\" class=\"alignnone wp-image-750 size-full\" src=\"https:\/\/mundocanyon.com\/wp-content\/uploads\/2022\/02\/whatsap35.png\" alt=\"Hacer Barranquismo en Lleida\" width=\"35\" height=\"35\" \/> \u00a0<strong>671096436<\/strong><\/span><\/h5>\n<p><\/p>","protected":false},"excerpt":{"rendered":"<p>Barranquisme als Pirineus Barranquisme, descens de barrancs o canyoning \u00e9s l&#8217;esport de moda als Pirineus Catalans, ideal per a totes aquelles persones que volen viure una experi\u00e8ncia inoblidable o millorar l&#8217;anterior. Les activitats de barrancs s\u00f3n aptes per a tots els p\u00fablics, permeten passar temps gaudint de la natura i provar els teus l\u00edmits, superar [&hellip;]<\/p>\n","protected":false},"author":2,"featured_media":2607,"parent":0,"menu_order":1,"comment_status":"closed","ping_status":"closed","template":"","meta":{"footnotes":""},"class_list":["post-288","page","type-page","status-publish","has-post-thumbnail","hentry"],"_links":{"self":[{"href":"https:\/\/mundocanyon.com\/cat\/wp-json\/wp\/v2\/pages\/288","targetHints":{"allow":["GET"]}}],"collection":[{"href":"https:\/\/mundocanyon.com\/cat\/wp-json\/wp\/v2\/pages"}],"about":[{"href":"https:\/\/mundocanyon.com\/cat\/wp-json\/wp\/v2\/types\/page"}],"author":[{"embeddable":true,"href":"https:\/\/mundocanyon.com\/cat\/wp-json\/wp\/v2\/users\/2"}],"replies":[{"embeddable":true,"href":"https:\/\/mundocanyon.com\/cat\/wp-json\/wp\/v2\/comments?post=288"}],"version-history":[{"count":46,"href":"https:\/\/mundocanyon.com\/cat\/wp-json\/wp\/v2\/pages\/288\/revisions"}],"predecessor-version":[{"id":3838,"href":"https:\/\/mundocanyon.com\/cat\/wp-json\/wp\/v2\/pages\/288\/revisions\/3838"}],"wp:featuredmedia":[{"embeddable":true,"href":"https:\/\/mundocanyon.com\/cat\/wp-json\/wp\/v2\/media\/2607"}],"wp:attachment":[{"href":"https:\/\/mundocanyon.com\/cat\/wp-json\/wp\/v2\/media?parent=288"}],"curies":[{"name":"wp","href":"https:\/\/api.w.org\/{rel}","templated":true}]}}