{"id":275,"date":"2022-01-08T23:45:28","date_gmt":"2022-01-08T20:45:28","guid":{"rendered":"https:\/\/mundocanyon.com\/?page_id=275"},"modified":"2025-03-04T16:12:29","modified_gmt":"2025-03-04T13:12:29","slug":"actividades-de-aventura-en-cataluna","status":"publish","type":"page","link":"https:\/\/mundocanyon.com\/cat\/","title":{"rendered":"Inici"},"content":{"rendered":"<p><\/p>\n<h1>Activitats d\u00b4aventura a Catalunya<\/h1>\n<p><span style=\"font-weight: 400;\">Podr\u00e0s gaudir de les teves vacances amb amics i fam\u00edlia amb les activitats d&#8217;aventura a Catalunya, estem situats a la Pobla de Segur, a la comarca del Pallars Juss\u00e0, Lleida. \u00c9s el millor lloc dels Pirineus per practicar esports d&#8217;aventura. <\/span><\/p>\n<ul>\n<li><span style=\"font-weight: 400;\">Realitzar\u00e0s descensos de barrancs, experimentant adrenalina i diversi\u00f3. A m\u00e9s, baixar\u00e0s pel riu practicant r\u00e0fting a la Noguera Pallaresa o pujar\u00e0s per parets fins a dalt de tot fent vies ferrates.<\/span><\/li>\n<li><span style=\"font-weight: 400;\">Tamb\u00e9 pots caminar per cadascuna de les nostres rutes de senderisme dels Pirineus acompanyat d&#8217;un dels nostres guies de muntanya. O si el que vols \u00e9s instruir-te en el m\u00f3n d&#8217;alguna de les nostres modalitats esportives, impartim cursos de barrancs i orientaci\u00f3. O potser t&#8217;agrada gaudir de bonics i encantadors paisatges nevats, cosa que podr\u00e0s admirar amb les nostres rutes amb raquetes.<\/span><\/li>\n<li><span style=\"font-weight: 400;\">Si el que vols \u00e9s venir amb els teus companys de feina o estudis, organitzem esdeveniments esportius especials per a grups grans, coneguts com a teambuilding. \u00c9s una altra manera de gaudir de la natura envoltat dels teus.<\/span><\/li>\n<\/ul>\n<p><span style=\"font-weight: 400;\">Truca&#8217;ns sense comprom\u00eds i nosaltres t&#8217;assessorem en l&#8217;activitat que m\u00e9s s&#8217;adapta a tu.<\/span><\/p>","protected":false},"excerpt":{"rendered":"<p>Activitats d\u00b4aventura a Catalunya Podr\u00e0s gaudir de les teves vacances amb amics i fam\u00edlia amb les activitats d&#8217;aventura a Catalunya, estem situats a la Pobla de Segur, a la comarca del Pallars Juss\u00e0, Lleida. \u00c9s el millor lloc dels Pirineus per practicar esports d&#8217;aventura. Realitzar\u00e0s descensos de barrancs, experimentant adrenalina i diversi\u00f3. A m\u00e9s, baixar\u00e0s [&hellip;]<\/p>\n","protected":false},"author":2,"featured_media":2523,"parent":0,"menu_order":0,"comment_status":"closed","ping_status":"closed","template":"","meta":{"footnotes":""},"class_list":["post-275","page","type-page","status-publish","has-post-thumbnail","hentry"],"_links":{"self":[{"href":"https:\/\/mundocanyon.com\/cat\/wp-json\/wp\/v2\/pages\/275","targetHints":{"allow":["GET"]}}],"collection":[{"href":"https:\/\/mundocanyon.com\/cat\/wp-json\/wp\/v2\/pages"}],"about":[{"href":"https:\/\/mundocanyon.com\/cat\/wp-json\/wp\/v2\/types\/page"}],"author":[{"embeddable":true,"href":"https:\/\/mundocanyon.com\/cat\/wp-json\/wp\/v2\/users\/2"}],"replies":[{"embeddable":true,"href":"https:\/\/mundocanyon.com\/cat\/wp-json\/wp\/v2\/comments?post=275"}],"version-history":[{"count":53,"href":"https:\/\/mundocanyon.com\/cat\/wp-json\/wp\/v2\/pages\/275\/revisions"}],"predecessor-version":[{"id":3689,"href":"https:\/\/mundocanyon.com\/cat\/wp-json\/wp\/v2\/pages\/275\/revisions\/3689"}],"wp:featuredmedia":[{"embeddable":true,"href":"https:\/\/mundocanyon.com\/cat\/wp-json\/wp\/v2\/media\/2523"}],"wp:attachment":[{"href":"https:\/\/mundocanyon.com\/cat\/wp-json\/wp\/v2\/media?parent=275"}],"curies":[{"name":"wp","href":"https:\/\/api.w.org\/{rel}","templated":true}]}}