{"id":2157,"date":"2022-07-24T18:40:36","date_gmt":"2022-07-24T15:40:36","guid":{"rendered":"https:\/\/mundocanyon.com\/?page_id=2157"},"modified":"2025-06-11T19:36:50","modified_gmt":"2025-06-11T16:36:50","slug":"barrancos-de-la-vall-fosca","status":"publish","type":"page","link":"https:\/\/mundocanyon.com\/cat\/barranquismo-pirineos\/barrancos-de-la-vall-fosca\/","title":{"rendered":"Barrancs de la Vall Fosca"},"content":{"rendered":"<p><\/p>\n<h1><span style=\"font-weight: 400;\">Barrancs de la Vall Fosca<\/span><\/h1>\n<p><span style=\"font-weight: 400;\">Els barrancs de la Vall Fosca sorprenen per la seva espectacular bellesa natural i mantenen un cabal important gaireb\u00e9 tot l\u2019any. Els barrancs de la Vall Fosca s\u00f3n molt frescos, aqu\u00e0tics i divertits, oferint descensos curts per\u00f2 intensos i molt complets, amb r\u00e0pels, salts i tobogans.<\/span><\/p>\n<p><span style=\"font-weight: 400;\">A continuaci\u00f3, us explicarem una mica sobre la Vall Fosca per donar a con\u00e8ixer aquest preci\u00f3s lloc on realitzem els nostres descensos de barrancs de Les Espones, Flamisell i Roi.<\/span><\/p>\n<p><span style=\"font-weight: 400;\">La Vall Fosca \u00e9s una vall de formaci\u00f3 glacial situada als Pirineus, al nord de la comarca del Pallars Juss\u00e0, a la prov\u00edncia de Lleida, Catalunya. \u00c9s la vall per on discorre el riu Flamisell. La Vall Fosca \u00e9s una vall estreta amb una bellesa natural espectacular. Ofereix nombrosos recorreguts per gaudir dels seus paisatges d\u2019alta muntanya, boscos, llacs i rius.<\/span><\/p>\n<p><span style=\"font-weight: 400;\">El nom de la vall prov\u00e9 de la paraula \u201cFosca\u201d, que significa \u201cfosc\u201d en catal\u00e0. Rep aquest nom perqu\u00e8 les altes muntanyes que l\u2019envolten tenen fortes pendents que impedeixen que la llum solar toqui el fons de la vall gaireb\u00e9 tot el dia, sobretot a l\u2019hivern.<\/span><\/p>\n<h2><span style=\"font-weight: 400;\">Descripci\u00f3 de la Vall Fosca<\/span><\/h2>\n<p><span style=\"font-weight: 400;\">La Vall Fosca est\u00e0 formada per tres petites valls: la de Fili\u00e0, la de Riq\u00fcerna i la de Flamisell. S\u2019uneixen al poble de Capdella formant el riu Flamisell, que fa d\u2019eix de la vall i discorre fins a la Pobla de Segur, on s\u2019ajunta amb el riu Noguera Pallaresa. Durant el recorregut del riu, muntanya avall, podem gaudir del paisatge canviant: des de freixes i \u00e0lbers, boscos de pins, alzines, roures i bedolls fins a prats alpins.<\/span><\/p>\n<p><span style=\"font-weight: 400;\">Durant el seu recorregut, el riu Flamisell passa per 19 petits i encantadors pobles on el temps sembla haver-se aturat: la Pobleta de Bellve\u00ed, Estavill, Envall, Antist, Castell-esta\u00f3, Beranui, la Plana de Mont-ros, Astell, Obeix, Aguir\u00f3, Pa\u00fcls, Pobell\u00e0, Mont-ros, Molinos, la Torre de Capdella, Aiguabella, Espui, la Central de Capdella i Capdella. Aquests pobles conformen la Vall Fosca.<\/span><\/p>\n<p><span style=\"font-weight: 400;\">Capdella \u00e9s el poble m\u00e9s alt de la Vall Fosca, situat a 1420 m d\u2019altitud. Capdella \u00e9s una de les portes d\u2019entrada al parc nacional d\u2019Aig\u00fcestortes i Estany de Sant Maurici, al qual s\u2019hi accedeix amb un telef\u00e8ric des de l\u2019embassament de Sallente per arribar a l\u2019embassament de Gento a 2.160 m d\u2019altitud.<\/span><\/p>\n<p><span style=\"font-weight: 400;\">A la part nord de la vall, es troben m\u00e9s de 20 llacs units per t\u00fanels i anomenats llacs de Cabdella. Aquests llacs estan destinats a subministrar aigua a les centrals el\u00e8ctriques de Sallente i Cabdella.<\/span><\/p>","protected":false},"excerpt":{"rendered":"<p>Barrancs de la Vall Fosca Els barrancs de la Vall Fosca sorprenen per la seva espectacular bellesa natural i mantenen un cabal important gaireb\u00e9 tot l\u2019any. Els barrancs de la Vall Fosca s\u00f3n molt frescos, aqu\u00e0tics i divertits, oferint descensos curts per\u00f2 intensos i molt complets, amb r\u00e0pels, salts i tobogans. A continuaci\u00f3, us explicarem [&hellip;]<\/p>\n","protected":false},"author":1,"featured_media":2161,"parent":288,"menu_order":0,"comment_status":"closed","ping_status":"closed","template":"","meta":{"footnotes":""},"class_list":["post-2157","page","type-page","status-publish","has-post-thumbnail","hentry"],"_links":{"self":[{"href":"https:\/\/mundocanyon.com\/cat\/wp-json\/wp\/v2\/pages\/2157","targetHints":{"allow":["GET"]}}],"collection":[{"href":"https:\/\/mundocanyon.com\/cat\/wp-json\/wp\/v2\/pages"}],"about":[{"href":"https:\/\/mundocanyon.com\/cat\/wp-json\/wp\/v2\/types\/page"}],"author":[{"embeddable":true,"href":"https:\/\/mundocanyon.com\/cat\/wp-json\/wp\/v2\/users\/1"}],"replies":[{"embeddable":true,"href":"https:\/\/mundocanyon.com\/cat\/wp-json\/wp\/v2\/comments?post=2157"}],"version-history":[{"count":2,"href":"https:\/\/mundocanyon.com\/cat\/wp-json\/wp\/v2\/pages\/2157\/revisions"}],"predecessor-version":[{"id":3840,"href":"https:\/\/mundocanyon.com\/cat\/wp-json\/wp\/v2\/pages\/2157\/revisions\/3840"}],"up":[{"embeddable":true,"href":"https:\/\/mundocanyon.com\/cat\/wp-json\/wp\/v2\/pages\/288"}],"wp:featuredmedia":[{"embeddable":true,"href":"https:\/\/mundocanyon.com\/cat\/wp-json\/wp\/v2\/media\/2161"}],"wp:attachment":[{"href":"https:\/\/mundocanyon.com\/cat\/wp-json\/wp\/v2\/media?parent=2157"}],"curies":[{"name":"wp","href":"https:\/\/api.w.org\/{rel}","templated":true}]}}