{"id":1390,"date":"2022-04-02T11:33:56","date_gmt":"2022-04-02T08:33:56","guid":{"rendered":"https:\/\/mundocanyon.com\/?page_id=1390"},"modified":"2024-05-22T11:34:47","modified_gmt":"2024-05-22T08:34:47","slug":"politica-de-privacidad","status":"publish","type":"page","link":"https:\/\/mundocanyon.com\/cat\/politica-de-privacidad\/","title":{"rendered":"Pol\u00edtica de privacidad"},"content":{"rendered":"<p><\/p>\n<h4>Pol\u00edtica de privacidad<\/h4>\n<p>Con la presente pol\u00edtica de privacidad, queremos hacerle saber la importancia que desde MUNDOCANYON le damos al tratamiento de sus datos de car\u00e1cter personal. Para cumplir con este objetivo, trataremos de exponer de forma transparente y clara las diferentes maneras y v\u00edas mediante las cuales recogemos, tratamos y utilizamos sus datos.<\/p>\n<p>Adem\u00e1s, ponemos a su disposici\u00f3n diferentes v\u00edas de comunicaci\u00f3n para que pueda, si lo desea, hacernos llegar cualquier consulta con el fin de informarse del tratamiento al que sometemos a sus datos de car\u00e1cter personal, d\u00e1ndole de este modo un control total sobre los mismos.<\/p>\n<p>La utilizaci\u00f3n de este sitio web, implica la aceptaci\u00f3n de todos los t\u00e9rminos expuestos en la presente pol\u00edtica de privacidad, por lo que le rogamos que la lea atentamente antes de aceptarlas.<\/p>\n<p>MUNDOCANYON se reserva el derecho a modificar la presente pol\u00edtica para adaptarla a novedades legislativas o jurisprudenciales, as\u00ed como a pr\u00e1cticas de la industria.<\/p>\n<p>Como usuario garantiza que los datos que nos proporciona son exactos, aut\u00e9nticos y veraces, comprometi\u00e9ndose a mantenerlos debidamente actualizados. MUNDOCANYON queda exonerado\/a de toda responsabilidad respecto a la falta de exactitud de los mismos.<\/p>\n<p>El idioma utilizado en esta web ser\u00e1 el castellano, ingl\u00e9s, catal\u00e1n, alem\u00e1n y franc\u00e9s MUNDOCANYON no se hace responsable de las consecuencias que puedan derivar del mal entendimiento del idioma por el usuario o de traducciones err\u00f3neas que se puedan realizar del texto aqu\u00ed expuesto.<\/p>\n<h5><strong>AVISO A MENORES<\/strong><\/h5>\n<p>Con los actuales cambios normativos, le informamos que en el caso de que sea menor de\u00a0<strong><u>catorce a\u00f1os<\/u><\/strong>, es obligatorio contar con el consentimiento de padres o tutores legales para el tratamiento de sus datos personales.<\/p>\n<p>En ning\u00fan caso se recabar\u00e1n del menor de edad datos relativos a la situaci\u00f3n profesional, econ\u00f3mica o a la intimidad de los otros miembros de la familia, sin el consentimiento de \u00e9stos.<\/p>\n<p>Si eres menor de\u00a0<strong><u>catorce a\u00f1os<\/u><\/strong>\u00a0y has accedido a este sitio web sin avisar a tus padres no debes registrarte como usuario.<\/p>\n<h5><strong>MARCO NORMATIVO<\/strong><\/h5>\n<p>MUNDOCANYON ha adecuado su web mundocanyon.com a las exigencias de la nueva\u00a0<strong>Ley Org\u00e1nica 3\/2018<\/strong>\u00a0de Protecci\u00f3n de Datos de Car\u00e1cter Personal y Garant\u00eda de Derechos Digitales (LOPDGDD).<br \/>\nCumple tambi\u00e9n con el\u00a0<strong>Reglamento (UE) 2016\/679<\/strong>\u00a0del Parlamento Europeo y del Consejo de 27 de abril de 2016 relativo a la protecci\u00f3n de las personas f\u00edsicas (RGPD<u>)<\/u>, as\u00ed como con la\u00a0<strong>Ley 34\/2002<\/strong>, de 11 de julio, de Servicios de la Sociedad de la Informaci\u00f3n y Comercio Electr\u00f3nico (LSSICE o LSSI).<\/p>\n<h5><strong>RESPONSABLE DEL TRATAMIENTO DE TUS DATOS PERSONALES<\/strong><\/h5>\n<p>MUNDOCANYON con NIF\u00a0 &#8212;&#8212;-\u00a0 y domicilio en &#8212;&#8212;&#8212; . Puede contactar con el Responsable, bien por tel\u00e9fono en el n\u00famero 688704100 o bien mediante correo electr\u00f3nico en el mundocanyon@gmail.com.<\/p>\n<h5><strong>PRINCIPIOS QUE APLICAREMOS A TU INFORMACI\u00d3N PERSONAL<\/strong><\/h5>\n<p>En el tratamiento de tus datos personales, aplicaremos los siguientes principios que se ajustan a las exigencias del nuevo reglamento europeo de protecci\u00f3n de datos:<\/p>\n<ul>\n<li><em>Principio de licitud, lealtad y transparencia:<\/em>\u00a0Siempre vamos a requerir tu consentimiento para el tratamiento de tus datos personales para uno o varios fines espec\u00edficos que te informaremos previamente con absoluta transparencia.<\/li>\n<\/ul>\n<ul>\n<li><em>Principio de minimizaci\u00f3n de datos:<\/em>\u00a0Solo vamos a solicitar datos estrictamente necesarios en relaci\u00f3n con los fines para los que los requerimos. Los m\u00ednimos posibles.<\/li>\n<\/ul>\n<ul>\n<li><em>Principio de limitaci\u00f3n del plazo de conservaci\u00f3n:<\/em>\u00a0Los datos ser\u00e1n mantenidos durante no m\u00e1s tiempo del necesario para los fines del tratamiento, en funci\u00f3n a la finalidad, te informaremos del plazo de conservaci\u00f3n correspondiente, en el caso de suscripciones, peri\u00f3dicamente revisaremos nuestras listas y eliminaremos aquellos registros inactivos durante un tiempo considerable.<\/li>\n<\/ul>\n<ul>\n<li><em>Principio de integridad y confidencialidad:<\/em>\u00a0Tus datos ser\u00e1n tratados de tal manera que se garantice una seguridad adecuada de los datos personales y se garantice confidencialidad. Debes saber que tomamos todas las precauciones necesarias para evitar el acceso no autorizado o uso indebido de los datos de nuestros usuarios por parte de terceros.<\/li>\n<\/ul>\n<h5><strong>RECOGIDA DE DATOS: FINALIDAD\/BASE JUR\u00cdDICA\/PLAZOS<\/strong><\/h5>\n<table width=\"1110\">\n<tbody>\n<tr>\n<td colspan=\"2\"><strong>FORMULARIO DE CONTACTO \/ EJERCICIO DE DERECHOS<\/strong><\/td>\n<\/tr>\n<tr>\n<td><strong>Finalidad<\/strong><\/td>\n<td>Nos pondremos en contacto con usted para: Gestionar solicitudes, responder a dudas, quejas y observaciones sobre los servicios prestados a trav\u00e9s de nuestra web.<\/td>\n<\/tr>\n<tr>\n<td><strong>Base jur\u00eddica<\/strong><\/td>\n<td>La base jur\u00eddica es\u00a0<strong>el inter\u00e9s leg\u00edtimo<\/strong>\u00a0para llevar a cabo la resoluci\u00f3n de sus consultas o reclamaciones.<br \/>\nEn caso de que se ponga en contacto para resolver alguna incidencia que tenga que ver con alg\u00fan pedido, la base jur\u00eddica ser\u00e1 la de\u00a0<strong>ejecuci\u00f3n del contrato de compraventa<\/strong>.<br \/>\nEn caso de que se trate de una consulta para llevar a cabo el ejercicio de alguno de sus derechos, la legitimaci\u00f3n del tratamiento aplicable, ser\u00e1 el de\u00a0<strong>cumplimiento de obligaciones legales\u00a0<\/strong>por nuestra parte.<\/td>\n<\/tr>\n<tr>\n<td><strong>Plazo de conservaci\u00f3n<\/strong><\/td>\n<td>Ser\u00e1 el necesario para llevar a cabo la gesti\u00f3n y resoluci\u00f3n de su solicitud.<\/td>\n<\/tr>\n<tr>\n<td><strong>Datos obligatorios<\/strong><\/td>\n<td>Nombre, Tel\u00e9fono, E-mail<\/td>\n<\/tr>\n<tr>\n<td><strong>Categor\u00eda<\/strong><\/td>\n<td>Identificativos<\/td>\n<\/tr>\n<tr>\n<td><strong>Cesiones<\/strong><\/td>\n<td>Pueden existir cesiones a empresas de hosting web (ver apartado de cesiones)<\/td>\n<\/tr>\n<\/tbody>\n<\/table>\n<p>&nbsp;<\/p>\n<table width=\"1110\">\n<tbody>\n<tr>\n<td colspan=\"2\"><strong>FORMULARIO DE COMENTARIOS<\/strong><\/td>\n<\/tr>\n<tr>\n<td><strong>Finalidad<\/strong><\/td>\n<td>Dejar alg\u00fan comentario sobre sobre nuestros productos o servicios y publicarlos en la web<\/td>\n<\/tr>\n<tr>\n<td><strong>Base jur\u00eddica<\/strong><\/td>\n<td>La base jur\u00eddica para el presente tratamiento de sus datos es\u00a0<strong>el consentimiento expreso<\/strong>\u00a0que acepta previamente a que el comentario se publique, al marcar la casilla de aceptaci\u00f3n de condiciones de la presente pol\u00edtica de privacidad.<\/td>\n<\/tr>\n<tr>\n<td><strong>Plazo de conservaci\u00f3n<\/strong><\/td>\n<td>El plazo de conservaci\u00f3n ser\u00e1 de car\u00e1cter indefinido, hasta que decida ejercer su derecho de oposici\u00f3n\/cancelaci\u00f3n a trav\u00e9s de las v\u00edas habilitadas para tal fin.<\/td>\n<\/tr>\n<tr>\n<td><strong>Datos obligatorios<\/strong><\/td>\n<td>Nombre, Tel\u00e9fono, E-mail.<\/td>\n<\/tr>\n<tr>\n<td><strong>Categor\u00eda<\/strong><\/td>\n<td>Identificativos<\/td>\n<\/tr>\n<tr>\n<td><strong>Cesiones<\/strong><\/td>\n<td>Pueden existir cesiones a empresas de hosting web (ver apartado de cesiones)<\/td>\n<\/tr>\n<\/tbody>\n<\/table>\n<p>&nbsp;<\/p>\n<table width=\"1110\">\n<tbody>\n<tr>\n<td colspan=\"2\"><strong>FORMULARIO DE RESERVAS<\/strong><\/td>\n<\/tr>\n<tr>\n<td><strong>Finalidad<\/strong><\/td>\n<td>Gesti\u00f3n de las solicitudes de reservas de los diferentes productos ofertados en la web.<\/td>\n<\/tr>\n<tr>\n<td><strong>Base jur\u00eddica<\/strong><\/td>\n<td>La base jur\u00eddica ser\u00e1 el consentimiento expreso, para realizar una reserva, celebraci\u00f3n y ejecuci\u00f3n de un contrato.<\/td>\n<\/tr>\n<tr>\n<td><strong>Plazo de conservaci\u00f3n<\/strong><\/td>\n<td>El plazo de conservaci\u00f3n ser\u00e1 de 6 a\u00f1os para dar cumplimiento a obligaciones legales, fiscales y mercantiles.<br \/>\nLos datos relacionados con sus tarjetas de pago, ser\u00e1n almacenados indefinidamente, hasta el momento que nos indiques lo contrario ejerciendo tus derechos de limitaci\u00f3n\/oposici\u00f3n.<\/td>\n<\/tr>\n<tr>\n<td><strong>Datos obligatorios<\/strong><\/td>\n<td>Nombre, Tel\u00e9fono, E-mail.<\/td>\n<\/tr>\n<tr>\n<td><strong>Categor\u00eda<\/strong><\/td>\n<td>Identificativos<\/td>\n<\/tr>\n<tr>\n<td><strong>Cesiones<\/strong><\/td>\n<td>Pueden existir cesiones a empresas de hosting web (ver apartado de cesiones)<br \/>\nPueden existir cesiones a empresas bancarias y\/o financieras (ver apartado de cesiones)<\/td>\n<\/tr>\n<\/tbody>\n<\/table>\n<p>&nbsp;<\/p>\n<h5><strong>TUS DERECHOS Y C\u00d3MO EJERCERLOS<\/strong><\/h5>\n<table width=\"1110\">\n<tbody>\n<tr>\n<td><strong>Derecho de acceso<\/strong><\/td>\n<td>Ser informado de los datos que manejamos sobre su persona.<\/td>\n<\/tr>\n<tr>\n<td><strong>Derecho de rectificaci\u00f3n<\/strong><\/td>\n<td>Podr\u00e1 rectificar, corregir, actualizar o completar cualquier dato que considere inexacto referente a su persona.<\/td>\n<\/tr>\n<tr>\n<td><strong>Derecho<br \/>\nde supresi\u00f3n<\/strong><\/td>\n<td>Podr\u00e1 solicitar que sus datos personales sean eliminados de nuestro sistema.<\/td>\n<\/tr>\n<tr>\n<td><strong>Derecho de oposici\u00f3n<\/strong><\/td>\n<td>Podr\u00e1 oponerse al tratamiento de sus datos personales salvo que la base jur\u00eddica de \u00e9stos sea la de inter\u00e9s leg\u00edtimo o el ejercicio o la defensa de posibles reclamaciones.<\/td>\n<\/tr>\n<tr>\n<td><strong>Derecho de limitaci\u00f3n del tratamiento<\/strong><\/td>\n<td>Podr\u00e1 solicitar la limitaci\u00f3n del tratamiento de sus datos personales, en este caso, \u00fanicamente ser\u00e1n conservados para el ejercicio o la defensa de reclamaciones.<\/td>\n<\/tr>\n<tr>\n<td><strong>Derecho a la portabilidad de sus datos<\/strong><\/td>\n<td>En el caso de que sea t\u00e9cnicamente posible, podr\u00e1 solicitar la portabilidad o traspaso de sus datos personales a otro responsable de tratamiento.<\/td>\n<\/tr>\n<\/tbody>\n<\/table>\n<p>&nbsp;<\/p>\n<p>Podr\u00e1 llevar a cabo el ejercicio de sus derechos, enviando un e-mail a la direcci\u00f3n mundocanyon@gmail.com, indicando como Asunto: \u201cDerechos Ley Protecci\u00f3n de Datos\u201d, e identific\u00e1ndose mediante su DNI o documento equivalente.<\/p>\n<h5><strong>SECRETO Y SEGURIDAD DE LOS DATOS<\/strong><\/h5>\n<p>Desde mundocanyon.com nos comprometemos a tratar sus datos personales siempre de acuerdo a la finalidad para la que han sido recabados, y a no usarlos para una finalidad distinta salvo que usted nos de el consentimiento para hacerlo.<\/p>\n<p>MUNDOCANYON ha adoptado e instalado todas las medidas organizativas y t\u00e9cnicas a su alcance con el fin de evitar usos indebidos, accesos no autorizados propios o de terceros o alteraci\u00f3n de sus datos personales.<br \/>\nCon respecto a la confidencialidad en el tratamiento de sus datos personales, MUNDOCANYON se compromete a tomar las medidas necesarias para garantizar que el acceso a los datos personales por parte tanto de personal propio como de colaboradores o prestadores de servicios, cumplir\u00e1 los requisitos de seguridad necesarios de conformidad con lo establecido en la normativa vigente de protecci\u00f3n de datos.<\/p>\n<p>Esta web incluye un certificado SSL. Se trata de un protocolo de seguridad que hace que sus datos viajen de manera \u00edntegra y segura, es decir, la transmisi\u00f3n de los datos entre un servidor y usuario web, y en retroalimentaci\u00f3n, es totalmente cifrada o encriptada<\/p>\n<p>Pese a todo ello, MUNDOCANYON no puede garantizar la absoluta impugnabilidad de la red Internet y por tanto la violaci\u00f3n de los datos mediante accesos fraudulentos a ellos por parte de terceros. En caso de que tuviera lugar una brecha de seguridad, MUNDOCANYON seguir\u00e1 el protocolo de notificaci\u00f3n de incidencias desarrollado para tal fin.<\/p>","protected":false},"excerpt":{"rendered":"<p>Pol\u00edtica de privacidad Con la presente pol\u00edtica de privacidad, queremos hacerle saber la importancia que desde MUNDOCANYON le damos al tratamiento de sus datos de car\u00e1cter personal. Para cumplir con este objetivo, trataremos de exponer de forma transparente y clara las diferentes maneras y v\u00edas mediante las cuales recogemos, tratamos y utilizamos sus datos. Adem\u00e1s, [&hellip;]<\/p>\n","protected":false},"author":1,"featured_media":1664,"parent":0,"menu_order":0,"comment_status":"closed","ping_status":"closed","template":"","meta":{"footnotes":""},"class_list":["post-1390","page","type-page","status-publish","has-post-thumbnail","hentry"],"_links":{"self":[{"href":"https:\/\/mundocanyon.com\/cat\/wp-json\/wp\/v2\/pages\/1390","targetHints":{"allow":["GET"]}}],"collection":[{"href":"https:\/\/mundocanyon.com\/cat\/wp-json\/wp\/v2\/pages"}],"about":[{"href":"https:\/\/mundocanyon.com\/cat\/wp-json\/wp\/v2\/types\/page"}],"author":[{"embeddable":true,"href":"https:\/\/mundocanyon.com\/cat\/wp-json\/wp\/v2\/users\/1"}],"replies":[{"embeddable":true,"href":"https:\/\/mundocanyon.com\/cat\/wp-json\/wp\/v2\/comments?post=1390"}],"version-history":[{"count":2,"href":"https:\/\/mundocanyon.com\/cat\/wp-json\/wp\/v2\/pages\/1390\/revisions"}],"predecessor-version":[{"id":3424,"href":"https:\/\/mundocanyon.com\/cat\/wp-json\/wp\/v2\/pages\/1390\/revisions\/3424"}],"wp:featuredmedia":[{"embeddable":true,"href":"https:\/\/mundocanyon.com\/cat\/wp-json\/wp\/v2\/media\/1664"}],"wp:attachment":[{"href":"https:\/\/mundocanyon.com\/cat\/wp-json\/wp\/v2\/media?parent=1390"}],"curies":[{"name":"wp","href":"https:\/\/api.w.org\/{rel}","templated":true}]}}